{"id":103,"date":"2021-09-06T16:18:15","date_gmt":"2021-09-06T19:18:15","guid":{"rendered":"http:\/\/emelka.com.ar\/test\/home-page-3\/"},"modified":"2022-12-05T14:47:00","modified_gmt":"2022-12-05T17:47:00","slug":"home-page-3","status":"publish","type":"page","link":"http:\/\/emelka.com.ar\/es\/","title":{"rendered":"Home Page 3"},"content":{"rendered":"<p>[vc_row][vc_column][rev_slider_vc alias=\u00bbsite3-slide-1&#8243;][\/vc_column][\/vc_row][vc_row amy_add_container=\u00bbyes\u00bb bg_type=\u00bbbg_color\u00bb css=\u00bb.vc_custom_1632161604522{padding-top: 50px !important;padding-bottom: 50px !important;}\u00bb][vc_column offset=\u00bbvc_hidden-sm vc_hidden-xs\u00bb]<div id=\"amy-organic-heading-1\" class=\"amy-shortcode amy-organic-heading \"><h3 style=\"color: #9ac100;font-size: 38px;\">NUESTROS PRODUCTOS<\/h3><\/div>[vc_row_inner][vc_column_inner width=\u00bb1\/4&#8243;][vc_single_image image=\u00bb367&#8243; img_size=\u00bbfull\u00bb onclick=\u00bbcustom_link\u00bb link=\u00bbhttp:\/\/emelka.com.ar\/es\/cerezas\u00bb]<div id=\"amy-organic-heading-2\" class=\"amy-shortcode amy-organic-heading \"><h3 style=\"color: #333333;font-size: 20px;\">CEREZAS<\/h3><\/div>[\/vc_column_inner][vc_column_inner width=\u00bb1\/4&#8243;][vc_single_image image=\u00bb1071&#8243; img_size=\u00bbfull\u00bb onclick=\u00bbcustom_link\u00bb link=\u00bbhttp:\/\/emelka.com.ar\/es\/peras\u00bb]<div id=\"amy-organic-heading-3\" class=\"amy-shortcode amy-organic-heading \"><h3 style=\"color: #333333;font-size: 20px;\">PERAS<\/h3><\/div>[\/vc_column_inner][vc_column_inner width=\u00bb1\/4&#8243;][vc_single_image image=\u00bb366&#8243; img_size=\u00bbfull\u00bb onclick=\u00bbcustom_link\u00bb link=\u00bbhttp:\/\/emelka.com.ar\/es\/manzanas\u00bb]<div id=\"amy-organic-heading-4\" class=\"amy-shortcode amy-organic-heading \"><h3 style=\"color: #333333;font-size: 20px;\">MANZANAS<\/h3><\/div>[\/vc_column_inner][vc_column_inner width=\u00bb1\/4&#8243;][vc_single_image image=\u00bb365&#8243; img_size=\u00bbfull\u00bb onclick=\u00bbcustom_link\u00bb link=\u00bbhttp:\/\/emelka.com.ar\/es\/carozos\u00bb]<div id=\"amy-organic-heading-5\" class=\"amy-shortcode amy-organic-heading \"><h3 style=\"color: #333333;font-size: 20px;\">CAROZOS<\/h3><\/div>[\/vc_column_inner][\/vc_row_inner][\/vc_column][\/vc_row][vc_row amy_add_container=\u00bbyes\u00bb bg_type=\u00bbbg_color\u00bb css=\u00bb.vc_custom_1632161604522{padding-top: 50px !important;padding-bottom: 50px !important;}\u00bb][vc_column offset=\u00bbvc_hidden-lg vc_hidden-md\u00bb]<div id=\"amy-organic-heading-6\" class=\"amy-shortcode amy-organic-heading \"><h3 style=\"color: #9ac100;font-size: 38px;\">NUESTROS PRODUCTOS<\/h3><\/div>[vc_row_inner][vc_column_inner width=\u00bb1\/4&#8243;][vc_single_image image=\u00bb367&#8243; alignment=\u00bbcenter\u00bb onclick=\u00bbcustom_link\u00bb link=\u00bbhttp:\/\/emelka.com.ar\/test\/cerezas\/\u00bb]<div id=\"amy-organic-heading-7\" class=\"amy-shortcode amy-organic-heading \"><h3 style=\"color: #333333;font-size: 20px;\">CEREZAS<\/h3><\/div>[\/vc_column_inner][vc_column_inner width=\u00bb1\/4&#8243;][vc_single_image image=\u00bb364&#8243; alignment=\u00bbcenter\u00bb onclick=\u00bbcustom_link\u00bb link=\u00bbhttp:\/\/emelka.com.ar\/test\/peras\/\u00bb]<div id=\"amy-organic-heading-8\" class=\"amy-shortcode amy-organic-heading \"><h3 style=\"color: #333333;font-size: 20px;\">PERAS<\/h3><\/div>[\/vc_column_inner][vc_column_inner width=\u00bb1\/4&#8243;][vc_single_image image=\u00bb366&#8243; alignment=\u00bbcenter\u00bb onclick=\u00bbcustom_link\u00bb link=\u00bbhttp:\/\/emelka.com.ar\/test\/manzanas\/\u00bb]<div id=\"amy-organic-heading-9\" class=\"amy-shortcode amy-organic-heading \"><h3 style=\"color: #333333;font-size: 20px;\">MANZANAS<\/h3><\/div>[\/vc_column_inner][vc_column_inner width=\u00bb1\/4&#8243;][vc_single_image image=\u00bb365&#8243; alignment=\u00bbcenter\u00bb onclick=\u00bbcustom_link\u00bb link=\u00bbhttp:\/\/emelka.com.ar\/test\/carozos\/\u00bb]<div id=\"amy-organic-heading-10\" class=\"amy-shortcode amy-organic-heading \"><h3 style=\"color: #333333;font-size: 20px;\">CAROZOS<\/h3><\/div>[\/vc_column_inner][\/vc_row_inner][\/vc_column][\/vc_row][vc_row amy_add_container=\u00bbyes\u00bb bg_type=\u00bbbg_color\u00bb bg_color_value=\u00bb#f7f7f7&#8243; css=\u00bb.vc_custom_1483628989618{padding-top: 90px !important;padding-bottom: 90px !important;}\u00bb][vc_column]<div id=\"amy-organic-heading-11\" class=\"amy-shortcode amy-organic-heading \"><h3 style=\"color: #9ac100;font-size: 38px;\">Cerezas<\/h3><\/div>[vc_empty_space height=\u00bb15px\u00bb][vc_row_inner][vc_column_inner css=\u00bb.vc_custom_1484125756438{padding-right: 50px !important;}\u00bb offset=\u00bbvc_col-lg-6 vc_col-md-12&#8243;]<div class=\"amy-shortcode amy-organic-attributes \">\n<img loading=\"lazy\" decoding=\"async\" width=\"800\" height=\"948\" src=\"http:\/\/emelka.com.ar\/wp-content\/uploads\/2021\/09\/cereza-home.png\" class=\"attachment-full size-full\" alt=\"\" srcset=\"http:\/\/emelka.com.ar\/wp-content\/uploads\/2021\/09\/cereza-home.png 800w, http:\/\/emelka.com.ar\/wp-content\/uploads\/2021\/09\/cereza-home-253x300.png 253w, http:\/\/emelka.com.ar\/wp-content\/uploads\/2021\/09\/cereza-home-768x910.png 768w, http:\/\/emelka.com.ar\/wp-content\/uploads\/2021\/09\/cereza-home-600x711.png 600w\" sizes=\"auto, (max-width: 800px) 100vw, 800px\" \/>\n<div style=\"\" id=\"amy-organic-atribute-item-69dc17866a2ec\" class=\"amy-organic-atribute-item tl \">\n<div class=\"amy-atribute-hidden\" style=\"\">\n<h3>Variedades<\/h3>\n<p>Santina<br \/>\nBing<br \/>\nSweet heart<br \/>\nLapins<\/p>\n<\/div>\n<em class=\"animated animation infinite animation-delay-100 bullets\"><\/em>\n<\/div><div style=\"\" id=\"amy-organic-atribute-item-69dc17866a32a\" class=\"amy-organic-atribute-item tr \">\n<div class=\"amy-atribute-hidden\" style=\"\">\n<h3>Disponibilidad<\/h3>\n<p>Noviembre y<br \/>\nDiciembre<\/p>\n<\/div>\n<em class=\"animated animation infinite animation-delay-100 bullets\"><\/em>\n<\/div><div style=\"\" id=\"amy-organic-atribute-item-69dc17866a34e\" class=\"amy-organic-atribute-item bc \">\n<div class=\"amy-atribute-hidden\" style=\"\">\n<h3>Beneficios<\/h3>\n<p>Depurativa<br \/>\nAntioxidante<br \/>\nContiene melatonina<br \/>\nAntiinflamatoria<\/p>\n<\/div>\n<em class=\"animated animation infinite animation-delay-100 bullets\"><\/em>\n<\/div>\n<\/div>[\/vc_column_inner][vc_column_inner offset=\u00bbvc_col-lg-6 vc_col-md-12&#8243; css=\u00bb.vc_custom_1632170827906{margin-top: 100px !important;padding-top: 30px !important;padding-bottom: 15px !important;background-color: #8cb63c !important;}\u00bb]<div class=\"ult-animation  ult-animate-viewport  ult-no-mobile \" data-animate=\"slideInRight\" data-animation-delay=\"0\" data-animation-duration=\"1\" data-animation-iteration=\"1\" style=\"opacity:0;\" data-opacity_start_effect=\"\">[vc_custom_heading text=\u00bbCaracter\u00edsticas de nuestras\u00bb font_container=\u00bbtag:h2|font_size:30px|text_align:left|color:%23ffffff\u00bb use_theme_fonts=\u00bbyes\u00bb css=\u00bb.vc_custom_1632170731210{margin-bottom: 0px !important;}\u00bb][vc_custom_heading text=\u00bbCEREZAS\u00bb font_container=\u00bbtag:h2|font_size:35px|text_align:left|color:%23ffffff\u00bb use_theme_fonts=\u00bbyes\u00bb css=\u00bb.vc_custom_1632170741617{margin-top: 0px !important;padding-bottom: 15px !important;}\u00bb][vc_column_text el_class=\u00bbtext-producthigt\u00bb]<\/p>\n<p style=\"color: #ffffff;\">En R\u00edo Negro se producen m\u00e1s de 14 variedades de cerezas con sus caracter\u00edsticas y especificidades y la regi\u00f3n m\u00e1s importante es la que se encuentra en el Valle Medio, en la localidad de Chimpay, donde se localizada uno de nuestros campos.<\/p>\n<p style=\"color: #ffffff;\">La cereza es uno de los productos que a nivel mundial cuenta con demanda insatisfecha y esto genera nuevas oportunidades para la producci\u00f3n rionegrina en general y para nuestra empresa en particular.<\/p>\n<p>[\/vc_column_text]<\/div>[\/vc_column_inner][\/vc_row_inner][\/vc_column][\/vc_row][vc_row full_width=\u00bbstretch_row\u00bb amy_add_container=\u00bbyes\u00bb bg_type=\u00bbimage\u00bb css=\u00bb.vc_custom_1632168242252{background-image: url(http:\/\/emelka.com.ar\/test\/wp-content\/uploads\/2021\/09\/background-video.jpg?id=354) !important;background-position: 0 0 !important;background-repeat: no-repeat !important;}\u00bb][vc_column css=\u00bb.vc_custom_1484126314279{padding-top: 0px !important;}\u00bb]<div id=\"ultimate-video-644769dc17866a4c4\" class=\"ult-video  vc_custom_1632168428700 ult-adjust-bottom-margin ultimate-video-644769dc17866a4c4 ultv-2117 \"><div class=\"ultv-video ultv-aspect-ratio-16_9 ultv-subscribe-responsive-none\" data-videotype=\"uv_iframe\">\r\n\t\t\t\t\t\t<div class=\"ultv-video__outer-wrap\" data-autoplay=\"0\" data-device=\"false\"  data-iconbg=\"#3A3A3A\" data-overcolor=\"\" data-defaultbg=\"#1f1f1e\" data-defaultplay=\"defaulticon\"><div class=\"ultv-video__play\" data-src=\"https:\/\/www.youtube.com\/embed\/Fu-o-n_3Dao?rel=0&amp;start&amp;end&amp;controls=0&amp;mute=0&amp;modestbranding=0&amp;autoplay=1\">\r\n\t\t\t\t\t\t\t\t<img decoding=\"async\" class=\"ultv-video__thumb\" src=\"\"\/>\r\n\t\t\t\t\t\t\t\t<div class=\"ultv-video__play-icon  ultv-animation-none\" style=\"width:75px\"><svg height=\"100%\" version=\"1.1\" viewBox=\"0 0 68 48\" width=\"100%\"><path class=\"ultv-youtube-icon-bg\" d=\"m .66,37.62 c 0,0 .66,4.70 2.70,6.77 2.58,2.71 5.98,2.63 7.49,2.91 5.43,.52 23.10,.68 23.12,.68 .00,-1.3e-5 14.29,-0.02 23.81,-0.71 1.32,-0.15 4.22,-0.17 6.81,-2.89 2.03,-2.07 2.70,-6.77 2.70,-6.77 0,0 .67,-5.52 .67,-11.04 l 0,-5.17 c 0,-5.52 -0.67,-11.04 -0.67,-11.04 0,0 -0.66,-4.70 -2.70,-6.77 C 62.03,.86 59.13,.84 57.80,.69 48.28,0 34.00,0 34.00,0 33.97,0 19.69,0 10.18,.69 8.85,.84 5.95,.86 3.36,3.58 1.32,5.65 .66,10.35 .66,10.35 c 0,0 -0.55,4.50 -0.66,9.45 l 0,8.36 c .10,4.94 .66,9.45 .66,9.45 z\" fill=\"#1f1f1e\" ><\/path><path d=\"m 26.96,13.67 18.37,9.62 -18.37,9.55 -0.00,-19.17 z\" fill=\"#fff\"><\/path><path d=\"M 45.02,23.46 45.32,23.28 26.96,13.67 43.32,22.34 45.02,23.46 z\" fill=\"#ccc\"><\/path><\/svg><\/div> <\/div> <\/div><\/div><\/div>[\/vc_column][\/vc_row]<\/p>\n","protected":false},"excerpt":{"rendered":"<p>[vc_row][vc_column][rev_slider_vc alias=\u00bbsite3-slide-1&#8243;][\/vc_column][\/vc_row][vc_row amy_add_container=\u00bbyes\u00bb bg_type=\u00bbbg_color\u00bb css=\u00bb.vc_custom_1632161604522{padding-top: 50px !important;padding-bottom: 50px !important;}\u00bb][vc_column offset=\u00bbvc_hidden-sm vc_hidden-xs\u00bb][vc_row_inner][vc_column_inner width=\u00bb1\/4&#8243;][vc_single_image image=\u00bb367&#8243; img_size=\u00bbfull\u00bb onclick=\u00bbcustom_link\u00bb link=\u00bbhttp:\/\/emelka.com.ar\/es\/cerezas\u00bb][\/vc_column_inner][vc_column_inner width=\u00bb1\/4&#8243;][vc_single_image image=\u00bb1071&#8243; img_size=\u00bbfull\u00bb onclick=\u00bbcustom_link\u00bb link=\u00bbhttp:\/\/emelka.com.ar\/es\/peras\u00bb][\/vc_column_inner][vc_column_inner width=\u00bb1\/4&#8243;][vc_single_image image=\u00bb366&#8243; img_size=\u00bbfull\u00bb onclick=\u00bbcustom_link\u00bb link=\u00bbhttp:\/\/emelka.com.ar\/es\/manzanas\u00bb][\/vc_column_inner][vc_column_inner width=\u00bb1\/4&#8243;][vc_single_image image=\u00bb365&#8243; img_size=\u00bbfull\u00bb onclick=\u00bbcustom_link\u00bb link=\u00bbhttp:\/\/emelka.com.ar\/es\/carozos\u00bb][\/vc_column_inner][\/vc_row_inner][\/vc_column][\/vc_row][vc_row amy_add_container=\u00bbyes\u00bb bg_type=\u00bbbg_color\u00bb css=\u00bb.vc_custom_1632161604522{padding-top: 50px !important;padding-bottom: 50px !important;}\u00bb][vc_column offset=\u00bbvc_hidden-lg vc_hidden-md\u00bb][vc_row_inner][vc_column_inner width=\u00bb1\/4&#8243;][vc_single_image image=\u00bb367&#8243; alignment=\u00bbcenter\u00bb onclick=\u00bbcustom_link\u00bb link=\u00bbhttp:\/\/emelka.com.ar\/test\/cerezas\/\u00bb][\/vc_column_inner][vc_column_inner width=\u00bb1\/4&#8243;][vc_single_image image=\u00bb364&#8243; alignment=\u00bbcenter\u00bb onclick=\u00bbcustom_link\u00bb link=\u00bbhttp:\/\/emelka.com.ar\/test\/peras\/\u00bb][\/vc_column_inner][vc_column_inner width=\u00bb1\/4&#8243;][vc_single_image image=\u00bb366&#8243; alignment=\u00bbcenter\u00bb onclick=\u00bbcustom_link\u00bb link=\u00bbhttp:\/\/emelka.com.ar\/test\/manzanas\/\u00bb][\/vc_column_inner][vc_column_inner [&hellip;]<\/p>\n","protected":false},"author":1,"featured_media":0,"parent":0,"menu_order":0,"comment_status":"closed","ping_status":"closed","template":"","meta":{"footnotes":""},"class_list":["post-103","page","type-page","status-publish","hentry"],"_links":{"self":[{"href":"http:\/\/emelka.com.ar\/es\/wp-json\/wp\/v2\/pages\/103","targetHints":{"allow":["GET"]}}],"collection":[{"href":"http:\/\/emelka.com.ar\/es\/wp-json\/wp\/v2\/pages"}],"about":[{"href":"http:\/\/emelka.com.ar\/es\/wp-json\/wp\/v2\/types\/page"}],"author":[{"embeddable":true,"href":"http:\/\/emelka.com.ar\/es\/wp-json\/wp\/v2\/users\/1"}],"replies":[{"embeddable":true,"href":"http:\/\/emelka.com.ar\/es\/wp-json\/wp\/v2\/comments?post=103"}],"version-history":[{"count":82,"href":"http:\/\/emelka.com.ar\/es\/wp-json\/wp\/v2\/pages\/103\/revisions"}],"predecessor-version":[{"id":1166,"href":"http:\/\/emelka.com.ar\/es\/wp-json\/wp\/v2\/pages\/103\/revisions\/1166"}],"wp:attachment":[{"href":"http:\/\/emelka.com.ar\/es\/wp-json\/wp\/v2\/media?parent=103"}],"curies":[{"name":"wp","href":"https:\/\/api.w.org\/{rel}","templated":true}]}}