{"id":433,"date":"2021-09-27T10:35:32","date_gmt":"2021-09-27T13:35:32","guid":{"rendered":"http:\/\/emelka.com.ar\/test\/?page_id=433"},"modified":"2024-09-09T16:05:03","modified_gmt":"2024-09-09T19:05:03","slug":"cerezas","status":"publish","type":"page","link":"http:\/\/emelka.com.ar\/es\/cerezas\/","title":{"rendered":"Cerezas"},"content":{"rendered":"<p>[vc_row amy_add_container=\u00bbyes\u00bb][vc_column width=\u00bb1\/4&#8243;][vc_single_image image=\u00bb1101&#8243; img_size=\u00bb200&#215;200&#8243;][vc_separator color=\u00bbcustom\u00bb align=\u00bbalign_left\u00bb border_width=\u00bb3&#8243; el_width=\u00bb60&#8243; accent_color=\u00bb#8cb63c\u00bb][\/vc_column][vc_column width=\u00bb3\/4&#8243;][vc_empty_space height=\u00bb70px\u00bb][vc_column_text]<\/p>\n<p style=\"font-weight: 400;\">La cereza es un producto con demanda mundial insatisfecha, lo que genera oportunidades para la producci\u00f3n rionegrina en general y para nuestra empresa en particular.<\/p>\n<p style=\"font-weight: 400;\">En R\u00edo Negro se producen m\u00e1s de 14 variedades de cerezas. La regi\u00f3n m\u00e1s importante es la que se encuentra en el Valle Medio, en la localidad de Chimpay, donde se localizan nuestros campos.<\/p>\n<p>[\/vc_column_text][\/vc_column][\/vc_row][vc_row amy_add_container=\u00bbyes\u00bb css=\u00bb.vc_custom_1638190266190{padding-top: 40px !important;}\u00bb][vc_column][vc_column_text]<\/p>\n<p style=\"text-align: center;\"><strong>Presentaciones:<\/strong>\u00a0\u00a0<i>Caja 2,50 kg |\u00a0 Caja 5,00 k<\/i><\/p>\n<p>[\/vc_column_text][vc_row_inner][vc_column_inner width=\u00bb1\/2&#8243;][vc_single_image image=\u00bb602&#8243; img_size=\u00bbfull\u00bb alignment=\u00bbcenter\u00bb][\/vc_column_inner][vc_column_inner width=\u00bb1\/2&#8243;][vc_single_image image=\u00bb1055&#8243; img_size=\u00bbfull\u00bb alignment=\u00bbcenter\u00bb][\/vc_column_inner][\/vc_row_inner][vc_column_text]En el a\u00f1o 2019 sobrepasamos los 430.000 kilogramos cosechados y desde entonces seguimos trabajando arduamente para incrementar ese volumen.<\/p>\n<p>[\/vc_column_text][\/vc_column][\/vc_row][vc_row amy_add_container=\u00bbyes\u00bb][vc_column offset=\u00bbvc_hidden-lg vc_hidden-md vc_hidden-sm vc_hidden-xs\u00bb][vc_column_text]<\/p>\n<table>\n<tbody>\n<tr>\n<th style=\"background: #8cb63c; color: #ffffff;\" scope=\"col\">Product Availability | Disponibilidad<\/th>\n<th style=\"background: #8cb63c; color: #ffffff;\" colspan=\"4\" scope=\"col\">Noviembre<\/th>\n<th style=\"background: #8cb63c; color: #ffffff;\" colspan=\"4\" scope=\"col\">Diciembre<\/th>\n<th style=\"background: #8cb63c; color: #ffffff;\" colspan=\"4\" scope=\"col\">Enero<\/th>\n<th style=\"background: #8cb63c; color: #ffffff;\" colspan=\"4\" scope=\"col\">Febrero<\/th>\n<\/tr>\n<tr>\n<td>SANTINA<\/td>\n<td><\/td>\n<td><\/td>\n<td style=\"background: red;\"><\/td>\n<td style=\"background: red;\"><\/td>\n<td style=\"background: red;\"><\/td>\n<td><\/td>\n<td><\/td>\n<td><\/td>\n<td><\/td>\n<td><\/td>\n<td><\/td>\n<td><\/td>\n<td><\/td>\n<td><\/td>\n<td><\/td>\n<td><\/td>\n<\/tr>\n<tr>\n<td>BING<\/td>\n<td><\/td>\n<td><\/td>\n<td><\/td>\n<td><\/td>\n<td style=\"background: red;\"><\/td>\n<td style=\"background: red;\"><\/td>\n<td><\/td>\n<td><\/td>\n<td><\/td>\n<td><\/td>\n<td><\/td>\n<td><\/td>\n<td><\/td>\n<td><\/td>\n<td><\/td>\n<td><\/td>\n<\/tr>\n<tr>\n<td>SWEET HEART<\/td>\n<td><\/td>\n<td><\/td>\n<td><\/td>\n<td><\/td>\n<td><\/td>\n<td><\/td>\n<td style=\"background: red;\"><\/td>\n<td style=\"background: red;\"><\/td>\n<td><\/td>\n<td><\/td>\n<td><\/td>\n<td><\/td>\n<td><\/td>\n<td><\/td>\n<td><\/td>\n<td><\/td>\n<\/tr>\n<tr>\n<td>LAPINS<\/td>\n<td><\/td>\n<td><\/td>\n<td><\/td>\n<td><\/td>\n<td style=\"background: red;\"><\/td>\n<td style=\"background: red;\"><\/td>\n<td style=\"background: red;\"><\/td>\n<td><\/td>\n<td><\/td>\n<td><\/td>\n<td><\/td>\n<td><\/td>\n<td><\/td>\n<td><\/td>\n<td><\/td>\n<td><\/td>\n<\/tr>\n<tr>\n<td>ROYAL DOWN<\/td>\n<td><\/td>\n<td><\/td>\n<td style=\"background: red;\"><\/td>\n<td style=\"background: red;\"><\/td>\n<td style=\"background: red;\"><\/td>\n<td><\/td>\n<td><\/td>\n<td><\/td>\n<td><\/td>\n<td><\/td>\n<td><\/td>\n<td><\/td>\n<td><\/td>\n<td><\/td>\n<td><\/td>\n<td><\/td>\n<\/tr>\n<\/tbody>\n<\/table>\n<p>[\/vc_column_text][\/vc_column][\/vc_row][vc_row amy_add_container=\u00bbyes\u00bb][vc_column][vc_single_image image=\u00bb1076&#8243; img_size=\u00bbfull\u00bb alignment=\u00bbcenter\u00bb][\/vc_column][\/vc_row][vc_row amy_add_container=\u00bbyes\u00bb css=\u00bb.vc_custom_1483945164353{padding-top: 90px !important;padding-bottom: 35px !important;}\u00bb][vc_column width=\u00bb7\/12&#8243;]<div id=\"amy-organic-heading-1\" class=\"amy-shortcode amy-organic-heading margin-bottom-20 text-left\"><h3 style=\"color: #9ac100;font-size: 38px;\">Sweet Heart (Sumtare)<\/h3><\/div><div class=\"ult-animation  ult-animate-viewport  ult-no-mobile \" data-animate=\"fadeInLeft\" data-animation-delay=\"0\" data-animation-duration=\"1\" data-animation-iteration=\"1\" style=\"opacity:0;\" data-opacity_start_effect=\"\">[vc_column_text]El nombre de la variedad Sweet Heart viene de la uni\u00f3n de Sweet (dulce-azucarado) y Heart (coraz\u00f3n). Ramifica f\u00e1cilmente, lo que ayuda a una formaci\u00f3n r\u00e1pida. Necesita cosecharse completamente madura para obtener frutos de buen sabor. Madura\u00a0<strong>36 d\u00edas despu\u00e9s de Burlat.<\/strong><\/p>\n<p>La cereza Sweet Heart, tiene un calibre o tama\u00f1o\u00a0<strong>grueso<\/strong>. Al madurar, alcanza un tama\u00f1o de\u00a0<strong>28-29 mm. <\/strong>Presenta\u00a0<strong>forma redondeada<\/strong>. Piel brillante color\u00a0<strong>rojo.<\/strong> Pulpa de color\u00a0<strong>Rojo<\/strong>.[\/vc_column_text]<\/div>[\/vc_column][vc_column width=\u00bb5\/12&#8243;]<div class=\"ult-animation  ult-animate-viewport  ult-no-mobile \" data-animate=\"fadeInRight\" data-animation-delay=\"0\" data-animation-duration=\"1\" data-animation-iteration=\"1\" style=\"opacity:0;\" data-opacity_start_effect=\"\">[vc_single_image image=\u00bb545&#8243; img_size=\u00bb300&#215;300&#8243; alignment=\u00bbcenter\u00bb]<\/div>[\/vc_column][\/vc_row][vc_row amy_add_container=\u00bbyes\u00bb css=\u00bb.vc_custom_1633379758993{padding-top: 40px !important;padding-bottom: 35px !important;}\u00bb][vc_column width=\u00bb5\/12&#8243;]<div class=\"ult-animation  ult-animate-viewport  ult-no-mobile \" data-animate=\"fadeInRight\" data-animation-delay=\"0\" data-animation-duration=\"1\" data-animation-iteration=\"1\" style=\"opacity:0;\" data-opacity_start_effect=\"\">[vc_single_image image=\u00bb546&#8243; img_size=\u00bb300&#215;300&#8243; alignment=\u00bbcenter\u00bb]<\/div>[\/vc_column][vc_column width=\u00bb7\/12&#8243;]<div id=\"amy-organic-heading-2\" class=\"amy-shortcode amy-organic-heading margin-bottom-20 text-left\"><h3 style=\"color: #9ac100;font-size: 38px;\">Lapins<\/h3><\/div><div class=\"ult-animation  ult-animate-viewport  ult-no-mobile \" data-animate=\"fadeInLeft\" data-animation-delay=\"0\" data-animation-duration=\"1\" data-animation-iteration=\"1\" style=\"opacity:0;\" data-opacity_start_effect=\"\">[vc_column_text]El\u00a0cerezo Lapins, es una variedad procedente de la\u00a0estaci\u00f3n Summerland\u00a0en\u00a0Canad\u00e1. Fue obtenida mediante el cruce de\u00a0Stella\u00a0(primera variedad autof\u00e9rtil) y\u00a0Van\u00a0(variedad muy usada en los cruces por sus excelentes caracter\u00edsticas). Madura\u00a024 d\u00edas\u00a0despu\u00e9s de Burlat.<\/p>\n<p>presenta un\u00a0tama\u00f1o medio-grueso\u00a0(27-28 mm). Dependiendo del autor, la variedad de cereza Lapins tiene una\u00a0forma redonda aplanada\u00a0o algo alargada. Bajo mi opini\u00f3n, la forma de Lapins resulta\u00a0algo alargada. La madurez se logra con la piel de\u00a0color rojo oscuro.Cuando se alcanza la madurez presenta un\u00a0color de pulpa rojo.[\/vc_column_text]<\/div>[\/vc_column][\/vc_row][vc_row amy_add_container=\u00bbyes\u00bb css=\u00bb.vc_custom_1633379768173{padding-top: 40px !important;padding-bottom: 35px !important;}\u00bb][vc_column width=\u00bb7\/12&#8243;]<div id=\"amy-organic-heading-3\" class=\"amy-shortcode amy-organic-heading margin-bottom-20 text-left\"><h3 style=\"color: #9ac100;font-size: 38px;\">Santina<\/h3><\/div><div class=\"ult-animation  ult-animate-viewport  ult-no-mobile \" data-animate=\"fadeInLeft\" data-animation-delay=\"0\" data-animation-duration=\"1\" data-animation-iteration=\"1\" style=\"opacity:0;\" data-opacity_start_effect=\"\">[vc_column_text]Variedad Canadiense del tipo\u00a0<strong>picota<\/strong>. Madura\u00a0<strong>8<\/strong>\u00a0<strong>d\u00edas despu\u00e9s de Burlat<\/strong>\u00a0(<em>15-30 mayo<\/em>). Variedad de tama\u00f1o grande y forma acorazonada con buen aguante en el \u00e1rbol, pero bastante sensible al rajado. Variedad del tipo Picota (puede recolectarse sin rabo).<\/p>\n<p>El fruto tiene un tama\u00f1o\u00a0<strong>grueso<\/strong>, teniendo la cereza<em>\u00a0<\/em>Santina un tama\u00f1o de\u00a0<strong>28 mm<\/strong>. Dispone de\u00a0<strong>forma cordiforme\u00a0<\/strong>o acorazonada.El color de madurez es\u00a0<strong>granate<\/strong>, sin embargo, la variedad de<em>\u00a0<\/em>cereza<em>\u00a0<\/em>Santina<em>,<\/em>\u00a0puede recogerse de\u00a0<strong>color rojo a negro<\/strong>. Presenta un color de pulpa\u00a0<strong>rojo oscuro<\/strong>.[\/vc_column_text]<\/div>[\/vc_column][vc_column width=\u00bb5\/12&#8243;]<div class=\"ult-animation  ult-animate-viewport  ult-no-mobile \" data-animate=\"fadeInRight\" data-animation-delay=\"0\" data-animation-duration=\"1\" data-animation-iteration=\"1\" style=\"opacity:0;\" data-opacity_start_effect=\"\">[vc_single_image image=\u00bb547&#8243; img_size=\u00bb300&#215;300&#8243; alignment=\u00bbcenter\u00bb]<\/div>[\/vc_column][\/vc_row][vc_row amy_add_container=\u00bbyes\u00bb css=\u00bb.vc_custom_1633379788932{padding-top: 40px !important;padding-bottom: 35px !important;}\u00bb][vc_column width=\u00bb7\/12&#8243;]<div class=\"ult-animation  ult-animate-viewport  ult-no-mobile \" data-animate=\"fadeInRight\" data-animation-delay=\"0\" data-animation-duration=\"1\" data-animation-iteration=\"1\" style=\"opacity:0;\" data-opacity_start_effect=\"\">[vc_single_image image=\u00bb1110&#8243; img_size=\u00bb300&#215;401&#8243; alignment=\u00bbcenter\u00bb]<\/div>[\/vc_column][vc_column width=\u00bb5\/12&#8243;]<div id=\"amy-organic-heading-4\" class=\"amy-shortcode amy-organic-heading margin-bottom-20 text-left\"><h3 style=\"color: #9ac100;font-size: 38px;\">Bing<\/h3><\/div><div class=\"ult-animation  ult-animate-viewport  ult-no-mobile \" data-animate=\"fadeInLeft\" data-animation-delay=\"0\" data-animation-duration=\"1\" data-animation-iteration=\"1\" style=\"opacity:0;\" data-opacity_start_effect=\"\">[vc_column_text]La\u00a0<em>cereza Bing<\/em>\u00a0tiene un tama\u00f1o medio de\u00a0<strong>26 mm<\/strong>, \u00a0<strong>forma redonda-aplanada<\/strong>\u00a0y un \u00a0color\u00a0<strong>negruzco<\/strong>\u00a0a la madurez. La pulpa tiene un color\u00a0<strong>rojo oscuro<\/strong>\u00a0y \u00a0<strong>muy buen sabor<\/strong>.[\/vc_column_text]<\/div>[\/vc_column][\/vc_row][vc_row amy_add_container=\u00bbyes\u00bb][vc_column width=\u00bb1\/4&#8243;]<div class=\"ult-new-ib ult-ib-effect-style5  ult-ib-resp  \" data-min-width=\"768\" data-max-width=\"900\" style=\"\" data-opacity=\"1\" data-hover-opacity=\"1\" ><img decoding=\"async\" class=\"ult-new-ib-img\" style=\"opacity:1;\" alt=\"null\" src=\"http:\/\/emelka.com.ar\/wp-content\/uploads\/2021\/12\/3Cajas-300x300_03.jpg\"   \/><div id=\"interactive-banner-wrap-6867\" class=\"ult-new-ib-desc\" style=\"background:#9ac100;\"><h2 class=\"ult-new-ib-title ult-responsive\"  data-ultimate-target='#interactive-banner-wrap-6867 .ult-new-ib-title'  data-responsive-json-new='{\"font-size\":\"\",\"line-height\":\"\"}'  style=\"font-weight:normal;color:#ffffff;\">\u00a1Nuevo packaging!<\/h2><\/div><\/div><script type=\"text\/javascript\">\r\n\t\t\t(function($){\r\n\t\t\t\t$(document).ready(function(){\r\n\t\t\t\t\t$(\".ult-new-ib\").css(\"opacity\",\"1\");\r\n\t\t\t\t});\r\n\t\t\t})(jQuery);\r\n\t\t\t<\/script>[\/vc_column][vc_column width=\u00bb1\/4&#8243;]<div class=\"ult-new-ib ult-ib-effect-style5  ult-ib-resp  \" data-min-width=\"768\" data-max-width=\"900\" style=\"\" data-opacity=\"1\" data-hover-opacity=\"1\" ><img decoding=\"async\" class=\"ult-new-ib-img\" style=\"opacity:1;\" alt=\"null\" src=\"http:\/\/emelka.com.ar\/wp-content\/uploads\/2021\/12\/Cajas-300x300_01.jpg\"   \/><div id=\"interactive-banner-wrap-7481\" class=\"ult-new-ib-desc\" style=\"background:#9ac100;\"><h2 class=\"ult-new-ib-title ult-responsive\"  data-ultimate-target='#interactive-banner-wrap-7481 .ult-new-ib-title'  data-responsive-json-new='{\"font-size\":\"\",\"line-height\":\"\"}'  style=\"font-weight:normal;color:#ffffff;\">\u00a1Nuevo packaging!<\/h2><\/div><\/div><script type=\"text\/javascript\">\r\n\t\t\t(function($){\r\n\t\t\t\t$(document).ready(function(){\r\n\t\t\t\t\t$(\".ult-new-ib\").css(\"opacity\",\"1\");\r\n\t\t\t\t});\r\n\t\t\t})(jQuery);\r\n\t\t\t<\/script>[\/vc_column][vc_column width=\u00bb1\/4&#8243;]<div class=\"ult-new-ib ult-ib-effect-style5  ult-ib-resp  \" data-min-width=\"768\" data-max-width=\"900\" style=\"\" data-opacity=\"1\" data-hover-opacity=\"1\" ><img decoding=\"async\" class=\"ult-new-ib-img\" style=\"opacity:1;\" alt=\"null\" src=\"http:\/\/emelka.com.ar\/wp-content\/uploads\/2021\/12\/Cajas-300x300_02.jpg\"   \/><div id=\"interactive-banner-wrap-1203\" class=\"ult-new-ib-desc\" style=\"background:#9ac100;\"><h2 class=\"ult-new-ib-title ult-responsive\"  data-ultimate-target='#interactive-banner-wrap-1203 .ult-new-ib-title'  data-responsive-json-new='{\"font-size\":\"\",\"line-height\":\"\"}'  style=\"font-weight:normal;color:#ffffff;\">\u00a1Nuevo packaging!<\/h2><\/div><\/div><script type=\"text\/javascript\">\r\n\t\t\t(function($){\r\n\t\t\t\t$(document).ready(function(){\r\n\t\t\t\t\t$(\".ult-new-ib\").css(\"opacity\",\"1\");\r\n\t\t\t\t});\r\n\t\t\t})(jQuery);\r\n\t\t\t<\/script>[\/vc_column][vc_column width=\u00bb1\/4&#8243;]<div class=\"ult-new-ib ult-ib-effect-style5  ult-ib-resp  \" data-min-width=\"768\" data-max-width=\"900\" style=\"\" data-opacity=\"1\" data-hover-opacity=\"1\" ><img decoding=\"async\" class=\"ult-new-ib-img\" style=\"opacity:1;\" alt=\"null\" src=\"http:\/\/emelka.com.ar\/wp-content\/uploads\/2021\/12\/Cajas-300x300_04.jpg\"   \/><div id=\"interactive-banner-wrap-9102\" class=\"ult-new-ib-desc\" style=\"background:#9ac100;\"><h2 class=\"ult-new-ib-title ult-responsive\"  data-ultimate-target='#interactive-banner-wrap-9102 .ult-new-ib-title'  data-responsive-json-new='{\"font-size\":\"\",\"line-height\":\"\"}'  style=\"font-weight:normal;color:#ffffff;\">\u00a1Nuevo packaging!<\/h2><\/div><\/div><script type=\"text\/javascript\">\r\n\t\t\t(function($){\r\n\t\t\t\t$(document).ready(function(){\r\n\t\t\t\t\t$(\".ult-new-ib\").css(\"opacity\",\"1\");\r\n\t\t\t\t});\r\n\t\t\t})(jQuery);\r\n\t\t\t<\/script>[\/vc_column][\/vc_row][vc_row][vc_column]<div class=\" ubtn-ctn-center \"><a class=\"ubtn-link ult-adjust-bottom-margin ubtn-center ubtn-normal \" href=\"http:\/\/emelka.com.ar\/es\/frutas\" ><button type=\"button\" id=\"ubtn-3143\"  class=\"ubtn ult-adjust-bottom-margin ult-responsive ubtn-normal ubtn-fade-bg  none  ubtn-center   tooltip-69dc2be247a2a\"  data-hover=\"#9ac100\" data-border-color=\"#9ac100\" data-bg=\"#9ac100\" data-hover-bg=\"#ffffff\" data-border-hover=\"#9ac100\" data-shadow-hover=\"\" data-shadow-click=\"none\" data-shadow=\"\" data-shd-shadow=\"\"  data-ultimate-target='#ubtn-3143'  data-responsive-json-new='{\"font-size\":\"desktop:18px;\",\"line-height\":\"\"}'  style=\"font-weight:normal;border-radius:10px;border-width:2px;border-color:#9ac100;border-style:solid;background: #9ac100;color: #ffffff;\"><span class=\"ubtn-hover\" style=\"background-color:#ffffff\"><\/span><span class=\"ubtn-data ubtn-text \" >VOLVER A FRUTAS<\/span><\/button><\/a><\/div>[\/vc_column][\/vc_row]<\/p>\n","protected":false},"excerpt":{"rendered":"<p>[vc_row amy_add_container=\u00bbyes\u00bb][vc_column width=\u00bb1\/4&#8243;][vc_single_image image=\u00bb1101&#8243; img_size=\u00bb200&#215;200&#8243;][vc_separator color=\u00bbcustom\u00bb align=\u00bbalign_left\u00bb border_width=\u00bb3&#8243; el_width=\u00bb60&#8243; accent_color=\u00bb#8cb63c\u00bb][\/vc_column][vc_column width=\u00bb3\/4&#8243;][vc_empty_space height=\u00bb70px\u00bb][vc_column_text] La cereza es un producto con demanda mundial insatisfecha, lo que genera oportunidades para la producci\u00f3n rionegrina en general y para nuestra empresa en particular. En R\u00edo Negro se producen m\u00e1s de 14 variedades de cerezas. La regi\u00f3n m\u00e1s importante es la que [&hellip;]<\/p>\n","protected":false},"author":1,"featured_media":0,"parent":0,"menu_order":0,"comment_status":"closed","ping_status":"closed","template":"","meta":{"footnotes":""},"class_list":["post-433","page","type-page","status-publish","hentry"],"_links":{"self":[{"href":"http:\/\/emelka.com.ar\/es\/wp-json\/wp\/v2\/pages\/433","targetHints":{"allow":["GET"]}}],"collection":[{"href":"http:\/\/emelka.com.ar\/es\/wp-json\/wp\/v2\/pages"}],"about":[{"href":"http:\/\/emelka.com.ar\/es\/wp-json\/wp\/v2\/types\/page"}],"author":[{"embeddable":true,"href":"http:\/\/emelka.com.ar\/es\/wp-json\/wp\/v2\/users\/1"}],"replies":[{"embeddable":true,"href":"http:\/\/emelka.com.ar\/es\/wp-json\/wp\/v2\/comments?post=433"}],"version-history":[{"count":88,"href":"http:\/\/emelka.com.ar\/es\/wp-json\/wp\/v2\/pages\/433\/revisions"}],"predecessor-version":[{"id":1177,"href":"http:\/\/emelka.com.ar\/es\/wp-json\/wp\/v2\/pages\/433\/revisions\/1177"}],"wp:attachment":[{"href":"http:\/\/emelka.com.ar\/es\/wp-json\/wp\/v2\/media?parent=433"}],"curies":[{"name":"wp","href":"https:\/\/api.w.org\/{rel}","templated":true}]}}