{"id":505,"date":"2021-10-01T14:46:51","date_gmt":"2021-10-01T17:46:51","guid":{"rendered":"http:\/\/emelka.com.ar\/test\/?page_id=505"},"modified":"2022-12-05T14:48:33","modified_gmt":"2022-12-05T17:48:33","slug":"carozos","status":"publish","type":"page","link":"http:\/\/emelka.com.ar\/es\/carozos\/","title":{"rendered":"Carozos"},"content":{"rendered":"<p>[vc_row amy_add_container=\u00bbyes\u00bb][vc_column width=\u00bb1\/4&#8243;][vc_single_image image=\u00bb1115&#8243; img_size=\u00bb200&#215;200&#8243;][vc_separator color=\u00bbcustom\u00bb align=\u00bbalign_left\u00bb border_width=\u00bb3&#8243; el_width=\u00bb60&#8243; accent_color=\u00bb#8cb63c\u00bb][\/vc_column][vc_column width=\u00bb3\/4&#8243;][vc_empty_space height=\u00bb70px\u00bb][vc_column_text]En el marco de\u00a0 la b\u00fasqueda de diversificar nuestra producci\u00f3n, el cultivo de frutales de carozo\u00a0 se ha presentado como una alternativa factible. Duraznos, nectarines y ciruelos forman parte de esta secci\u00f3n.[\/vc_column_text][\/vc_column][\/vc_row][vc_row amy_add_container=\u00bbyes\u00bb css=\u00bb.vc_custom_1633111824970{padding-top: 40px !important;}\u00bb][vc_column]<div id=\"ultimate-heading-459169dc2f894fc68\" class=\"uvc-heading ult-adjust-bottom-margin ultimate-heading-459169dc2f894fc68 uvc-1894 \" data-hspacer=\"line_with_icon\" data-hline_width=\"auto\" data-hicon_type=\"custom\" data-hborder_style=\"solid\" data-hborder_height=\"1\" data-hborder_color=\"#ccc\" data-icon_width=\"54\" data-hfixer=\"5\"  data-halign=\"center\" style=\"text-align:center\"><div class=\"uvc-heading-spacer line_with_icon\" style=\"top\"><div class=\"ult-just-icon-wrapper  \"><div class=\"align-icon\" style=\"text-align:center;\">\n<div class=\"aio-icon-img \" style=\"font-size:54px;display:inline-block;\" >\n\t<img decoding=\"async\" class=\"img-icon\" alt=\"null\" src=\"http:\/\/emelka.com.ar\/wp-content\/uploads\/2021\/10\/durazno-.png\"\/>\n<\/div><\/div><\/div><\/div><div class=\"uvc-main-heading ult-responsive\"  data-ultimate-target='.uvc-heading.ultimate-heading-459169dc2f894fc68 h2'  data-responsive-json-new='{\"font-size\":\"desktop:38px;\",\"line-height\":\"\"}' ><h2 style=\"font-weight:bold;color:#9ac100;\">Duraznos<\/h2><\/div><\/div>[\/vc_column][\/vc_row][vc_row amy_add_container=\u00bbyes\u00bb css=\u00bb.vc_custom_1633627680116{padding-top: 50px !important;}\u00bb][vc_column width=\u00bb1\/2&#8243;]<div id=\"amy-organic-heading-1\" class=\"amy-shortcode amy-organic-heading margin-bottom-20 text-left\"><h3 style=\"color: #9ac100;font-size: 32px;\">ZEE DIAMOND<\/h3><\/div><div class=\"ult-animation  ult-animate-viewport  ult-no-mobile \" data-animate=\"fadeInLeft\" data-animation-delay=\"0\" data-animation-duration=\"1\" data-animation-iteration=\"1\" style=\"opacity:0;\" data-opacity_start_effect=\"\">[vc_column_text]Origen: Estados Unidos. Caracter\u00edsticas del fruto: -Tama\u00f1o: medio (140-150 gr.) -Forma: redondeado. \u00c1pice en punta, muy pronunciado. -Color de cobertura: rojo luminoso. Cubre el 90% de la superficie del fruto. -Pulpa: amarilla. -Carozo: adherido. -Calidad organol\u00e9ptica: buena. Buen sabor, \u00e1cido. Muy buen aroma.[\/vc_column_text]<\/div>[\/vc_column][vc_column width=\u00bb1\/2&#8243;]<div class=\"ult-animation  ult-animate-viewport  ult-no-mobile \" data-animate=\"slideInRight\" data-animation-delay=\"0\" data-animation-duration=\"1\" data-animation-iteration=\"1\" style=\"opacity:0;\" data-opacity_start_effect=\"\">[vc_single_image image=\u00bb607&#8243; img_size=\u00bb400&#215;400&#8243; alignment=\u00bbcenter\u00bb]<\/div>[\/vc_column][\/vc_row][vc_row amy_add_container=\u00bbyes\u00bb css=\u00bb.vc_custom_1633630869898{padding-bottom: 35px !important;}\u00bb][vc_column width=\u00bb1\/2&#8243;]<div id=\"amy-organic-heading-2\" class=\"amy-shortcode amy-organic-heading margin-bottom-20 text-left\"><h3 style=\"color: #9ac100;font-size: 38px;\">RICH LADY<\/h3><\/div><div class=\"ult-animation  ult-animate-viewport  ult-no-mobile \" data-animate=\"fadeInLeft\" data-animation-delay=\"0\" data-animation-duration=\"1\" data-animation-iteration=\"1\" style=\"opacity:0;\" data-opacity_start_effect=\"\">[vc_column_text]Origen: USA. Tama\u00f1o: grande (200-220 gr-Forma: redondeada, algo achatado en los polos. Cavidad peduncular ancha y profunda. Sutura marcada. -Color de cobertura: Rojo oscuro. Se cubre de color el 100 % de la superficie del fruto. -Pulpa: amarilla. En la madurez se ti\u00f1e de rojo en la zona del carozo y desde la epidermis.Muy buen sabor. Jugoso. Arom\u00e1tico.[\/vc_column_text]<\/div>[\/vc_column][vc_column width=\u00bb1\/2&#8243;]<div id=\"amy-organic-heading-3\" class=\"amy-shortcode amy-organic-heading margin-bottom-20 text-left\"><h3 style=\"color: #9ac100;font-size: 38px;\">ZEE LADY<\/h3><\/div><div class=\"ult-animation  ult-animate-viewport  ult-no-mobile \" data-animate=\"fadeInLeft\" data-animation-delay=\"0\" data-animation-duration=\"1\" data-animation-iteration=\"1\" style=\"opacity:0;\" data-opacity_start_effect=\"\">[vc_column_text]Origen: California-USA. Frutos de gran calibre, de forma oblonga, con \u00e1pice c\u00f3ncavo. La coloraci\u00f3n es excelente y su calidad es buena. Es un durazno prisco, grande de excepcional calidad. Pulpa amarilla, muy productivo. El sabor es excelente.[\/vc_column_text]<\/div>[\/vc_column][\/vc_row][vc_row amy_add_container=\u00bbyes\u00bb amy_row_curved_bottom=\u00bbyes\u00bb css=\u00bb.vc_custom_1633631008787{padding-bottom: 35px !important;}\u00bb][vc_column width=\u00bb1\/2&#8243;]<div id=\"amy-organic-heading-4\" class=\"amy-shortcode amy-organic-heading margin-bottom-20 text-left\"><h3 style=\"color: #9ac100;font-size: 38px;\">SUPER RICH<\/h3><\/div><div class=\"ult-animation  ult-animate-viewport  ult-no-mobile \" data-animate=\"fadeInLeft\" data-animation-delay=\"0\" data-animation-duration=\"1\" data-animation-iteration=\"1\" style=\"opacity:0;\" data-opacity_start_effect=\"\">[vc_column_text]Productividad: Buena-Floraci\u00f3n: Temprana-Maduraci\u00f3n: -75 O&#8217;Henry-Tama\u00f1o: Mediano-Forma: Oblonga con \u00e1pice poco marcado-Color: Rojo oscuro 90 &#8211; 100 %-Pulpa: Amarilla.[\/vc_column_text]<\/div>[\/vc_column][vc_column width=\u00bb1\/2&#8243;][\/vc_column][\/vc_row][vc_row amy_add_container=\u00bbyes\u00bb css=\u00bb.vc_custom_1633631574588{padding-top: 40px !important;padding-bottom: 20px !important;}\u00bb][vc_column]<div id=\"ultimate-heading-904669dc2f8950054\" class=\"uvc-heading ult-adjust-bottom-margin ultimate-heading-904669dc2f8950054 uvc-4195 \" data-hspacer=\"line_with_icon\" data-hline_width=\"auto\" data-hicon_type=\"custom\" data-hborder_style=\"solid\" data-hborder_height=\"1\" data-hborder_color=\"#ccc\" data-icon_width=\"54\" data-hfixer=\"5\"  data-halign=\"center\" style=\"text-align:center\"><div class=\"uvc-heading-spacer line_with_icon\" style=\"top\"><div class=\"ult-just-icon-wrapper  \"><div class=\"align-icon\" style=\"text-align:center;\">\n<div class=\"aio-icon-img \" style=\"font-size:54px;display:inline-block;\" >\n\t<img decoding=\"async\" class=\"img-icon\" alt=\"null\" src=\"http:\/\/emelka.com.ar\/wp-content\/uploads\/2021\/10\/durazno-.png\"\/>\n<\/div><\/div><\/div><\/div><div class=\"uvc-main-heading ult-responsive\"  data-ultimate-target='.uvc-heading.ultimate-heading-904669dc2f8950054 h2'  data-responsive-json-new='{\"font-size\":\"desktop:38px;\",\"line-height\":\"\"}' ><h2 style=\"font-weight:bold;color:#9ac100;\">Nectarines<\/h2><\/div><\/div>[\/vc_column][\/vc_row][vc_row amy_add_container=\u00bbyes\u00bb css=\u00bb.vc_custom_1633631686900{padding-top: 50px !important;padding-bottom: 35px !important;}\u00bb][vc_column width=\u00bb1\/2&#8243;]<div id=\"amy-organic-heading-5\" class=\"amy-shortcode amy-organic-heading margin-bottom-20 text-left\"><h3 style=\"color: #9ac100;font-size: 38px;\">Blanco- CALDESI 2000<\/h3><\/div><div class=\"ult-animation  ult-animate-viewport  ult-no-mobile \" data-animate=\"fadeInLeft\" data-animation-delay=\"0\" data-animation-duration=\"1\" data-animation-iteration=\"1\" style=\"opacity:0;\" data-opacity_start_effect=\"\">[vc_column_text]Esta nectarina es de pulpa blanca, \u00a0presenta buena productividad, con fruta de buen a muy buen tama\u00f1o, firmeza y atractividad, de alta calidad interna y que no presenta rajado.[\/vc_column_text]<\/div>[vc_empty_space height=\u00bb25px\u00bb]<div id=\"amy-organic-heading-6\" class=\"amy-shortcode amy-organic-heading margin-bottom-20 text-left\"><h3 style=\"color: #9ac100;font-size: 38px;\">Amarillo \u2013 BIG TOP<\/h3><\/div><div class=\"ult-animation  ult-animate-viewport  ult-no-mobile \" data-animate=\"fadeInLeft\" data-animation-delay=\"0\" data-animation-duration=\"1\" data-animation-iteration=\"1\" style=\"opacity:0;\" data-opacity_start_effect=\"\">[vc_column_text]Fruto de forma ovalada. De calibre A, 66-67 y 150 gramos, a calibre AA, 73-79 mil\u00edmetros y 180 gramos. (A-AA). Piel de color rojo oscuro y pulpa amarilla consistente.[\/vc_column_text]<\/div>[\/vc_column][vc_column width=\u00bb1\/2&#8243;]<div class=\"ult-animation  ult-animate-viewport  ult-no-mobile \" data-animate=\"fadeInRight\" data-animation-delay=\"0\" data-animation-duration=\"1\" data-animation-iteration=\"1\" style=\"opacity:0;\" data-opacity_start_effect=\"\">[vc_single_image image=\u00bb608&#8243; img_size=\u00bb400&#215;400&#8243; alignment=\u00bbcenter\u00bb]<\/div>[\/vc_column][\/vc_row][vc_row amy_add_container=\u00bbyes\u00bb css=\u00bb.vc_custom_1633631584307{padding-top: 40px !important;padding-bottom: 20px !important;}\u00bb][vc_column]<div id=\"ultimate-heading-847269dc2f895030f\" class=\"uvc-heading ult-adjust-bottom-margin ultimate-heading-847269dc2f895030f uvc-2526 \" data-hspacer=\"line_with_icon\" data-hline_width=\"auto\" data-hicon_type=\"custom\" data-hborder_style=\"solid\" data-hborder_height=\"1\" data-hborder_color=\"#ccc\" data-icon_width=\"54\" data-hfixer=\"5\"  data-halign=\"center\" style=\"text-align:center\"><div class=\"uvc-heading-spacer line_with_icon\" style=\"top\"><div class=\"ult-just-icon-wrapper  \"><div class=\"align-icon\" style=\"text-align:center;\">\n<div class=\"aio-icon-img \" style=\"font-size:54px;display:inline-block;\" >\n\t<img decoding=\"async\" class=\"img-icon\" alt=\"null\" src=\"http:\/\/emelka.com.ar\/wp-content\/uploads\/2021\/10\/durazno-.png\"\/>\n<\/div><\/div><\/div><\/div><div class=\"uvc-main-heading ult-responsive\"  data-ultimate-target='.uvc-heading.ultimate-heading-847269dc2f895030f h2'  data-responsive-json-new='{\"font-size\":\"desktop:38px;\",\"line-height\":\"\"}' ><h2 style=\"font-weight:bold;color:#9ac100;\">Ciruelos<\/h2><\/div><\/div>[\/vc_column][\/vc_row][vc_row amy_add_container=\u00bbyes\u00bb css=\u00bb.vc_custom_1633437563301{padding-top: 50px !important;padding-bottom: 35px !important;}\u00bb][vc_column width=\u00bb1\/2&#8243;]<div id=\"amy-organic-heading-7\" class=\"amy-shortcode amy-organic-heading margin-bottom-20 text-left\"><h3 style=\"color: #9ac100;font-size: 38px;\">BLACK FANTASY<\/h3><\/div><div class=\"ult-animation  ult-animate-viewport  ult-no-mobile \" data-animate=\"fadeInLeft\" data-animation-delay=\"0\" data-animation-duration=\"1\" data-animation-iteration=\"1\" style=\"opacity:0;\" data-opacity_start_effect=\"\">[vc_column_text]De tama\u00f1o chico y forma redonda achatada, tiene color rojo oscuro 100% y pulpa amarillo.[\/vc_column_text]<\/div>[vc_empty_space height=\u00bb25px\u00bb]<div id=\"amy-organic-heading-8\" class=\"amy-shortcode amy-organic-heading margin-bottom-20 text-left\"><h3 style=\"color: #9ac100;font-size: 38px;\">BLUE GIANT<\/h3><\/div><div class=\"ult-animation  ult-animate-viewport  ult-no-mobile \" data-animate=\"fadeInLeft\" data-animation-delay=\"0\" data-animation-duration=\"1\" data-animation-iteration=\"1\" style=\"opacity:0;\" data-opacity_start_effect=\"\">[vc_column_text]De tama\u00f1o grande, forma redonda a oblonga, color rojo oscuro morada y pulpa amarillo rojiza.[\/vc_column_text]<\/div>[\/vc_column][vc_column width=\u00bb1\/2&#8243; css=\u00bb.vc_custom_1633631418373{margin-bottom: 0px !important;padding-bottom: 0px !important;}\u00bb]<div class=\"ult-animation  ult-animate-viewport  ult-no-mobile  vc_custom_1633631410423\" data-animate=\"fadeInRight\" data-animation-delay=\"0\" data-animation-duration=\"1\" data-animation-iteration=\"1\" style=\"opacity:0;\" data-opacity_start_effect=\"\">[vc_single_image image=\u00bb609&#8243; img_size=\u00bb400&#215;400&#8243; alignment=\u00bbcenter\u00bb css=\u00bb.vc_custom_1633631401522{margin-bottom: 0px !important;padding-bottom: 0px !important;}\u00bb]<\/div>[\/vc_column][\/vc_row][vc_row amy_add_container=\u00bbyes\u00bb][vc_column][vc_single_image image=\u00bb1105&#8243; img_size=\u00bbfull\u00bb alignment=\u00bbcenter\u00bb][\/vc_column][\/vc_row][vc_row amy_add_container=\u00bbyes\u00bb][vc_column offset=\u00bbvc_hidden-lg vc_hidden-md vc_hidden-sm vc_hidden-xs\u00bb][vc_column_text]<\/p>\n<table>\n<tbody>\n<tr>\n<th style=\"background: #8cb63c; color: #ffffff;\" colspan=\"3\" scope=\"col\">Product Availability | Disponibilidad<\/th>\n<th style=\"background: #8cb63c; color: #ffffff;\" colspan=\"4\" scope=\"col\">Noviembre<\/th>\n<th style=\"background: #8cb63c; color: #ffffff;\" colspan=\"4\" scope=\"col\">Diciembre<\/th>\n<th style=\"background: #8cb63c; color: #ffffff;\" colspan=\"4\" scope=\"col\">Enero<\/th>\n<th style=\"background: #8cb63c; color: #ffffff;\" colspan=\"4\" scope=\"col\">Febrero<\/th>\n<\/tr>\n<tr>\n<th scope=\"row\">ESPECIE<\/th>\n<th scope=\"row\">VARIEDAD<\/th>\n<th scope=\"row\">HA PLANTADAS<\/th>\n<td>1<\/td>\n<td>2<\/td>\n<td>3<\/td>\n<td>4<\/td>\n<td>1<\/td>\n<td>2<\/td>\n<td>3<\/td>\n<td>4<\/td>\n<td>1<\/td>\n<td>2<\/td>\n<td>3<\/td>\n<td>4<\/td>\n<td>1<\/td>\n<td>2<\/td>\n<td>3<\/td>\n<td>4<\/td>\n<\/tr>\n<tr>\n<th style=\"background: #f8ec9b;\">DURAZNEROS<\/th>\n<td style=\"background: #f8ec9b;\">ZEE DIAMOND<\/td>\n<td>3,43<\/td>\n<td><\/td>\n<td><\/td>\n<td><\/td>\n<td><\/td>\n<td style=\"background: orange;\"><\/td>\n<td style=\"background: orange;\"><\/td>\n<td><\/td>\n<td><\/td>\n<td><\/td>\n<td><\/td>\n<td><\/td>\n<td><\/td>\n<td><\/td>\n<td><\/td>\n<td><\/td>\n<td><\/td>\n<\/tr>\n<tr>\n<th style=\"background: #f8ec9b;\"><\/th>\n<td style=\"background: #f8ec9b;\">ZEE LADY<\/td>\n<td>3,43<\/td>\n<td><\/td>\n<td><\/td>\n<td><\/td>\n<td><\/td>\n<td><\/td>\n<td><\/td>\n<td><\/td>\n<td><\/td>\n<td><\/td>\n<td style=\"background: orange;\"><\/td>\n<td style=\"background: orange;\"><\/td>\n<td><\/td>\n<td><\/td>\n<td><\/td>\n<td><\/td>\n<td><\/td>\n<\/tr>\n<tr>\n<th style=\"background: #f8ec9b;\"><\/th>\n<td style=\"background: #f8ec9b;\">SUPER RICH<\/td>\n<td>3,47<\/td>\n<td><\/td>\n<td><\/td>\n<td style=\"background: orange;\"><\/td>\n<td style=\"background: orange;\"><\/td>\n<td><\/td>\n<td><\/td>\n<td><\/td>\n<td><\/td>\n<td><\/td>\n<td><\/td>\n<td><\/td>\n<td><\/td>\n<td><\/td>\n<td><\/td>\n<td><\/td>\n<td><\/td>\n<\/tr>\n<tr>\n<th style=\"background: #f8ec9b;\"><\/th>\n<td style=\"background: #f8ec9b;\">RICH LADY<\/td>\n<td>2,75<\/td>\n<td><\/td>\n<td><\/td>\n<td><\/td>\n<td><\/td>\n<td><\/td>\n<td style=\"background: orange;\"><\/td>\n<td style=\"background: orange;\"><\/td>\n<td><\/td>\n<td><\/td>\n<td><\/td>\n<td><\/td>\n<td><\/td>\n<td><\/td>\n<td><\/td>\n<td><\/td>\n<td><\/td>\n<\/tr>\n<tr>\n<th style=\"background: #b0e9fc;\">NECTARINES<\/th>\n<td style=\"background: #b0e9fc;\">CALDESI 2000<\/td>\n<td>5,06<\/td>\n<td><\/td>\n<td><\/td>\n<td><\/td>\n<td><\/td>\n<td><\/td>\n<td><\/td>\n<td><\/td>\n<td><\/td>\n<td><\/td>\n<td style=\"background: green;\"><\/td>\n<td style=\"background: green;\"><\/td>\n<td><\/td>\n<td><\/td>\n<td><\/td>\n<td><\/td>\n<td><\/td>\n<\/tr>\n<tr>\n<th style=\"background: #b0e9fc;\"><\/th>\n<td style=\"background: #b0e9fc;\">BIG TOP<\/td>\n<td>0,79<\/td>\n<td><\/td>\n<td><\/td>\n<td><\/td>\n<td><\/td>\n<td><\/td>\n<td style=\"background: green;\"><\/td>\n<td style=\"background: green;\"><\/td>\n<td><\/td>\n<td><\/td>\n<td><\/td>\n<td><\/td>\n<td><\/td>\n<td><\/td>\n<td><\/td>\n<td><\/td>\n<td><\/td>\n<\/tr>\n<tr>\n<th style=\"background: #f0b586;\">CIRUELOS<\/th>\n<td style=\"background: #f0b586;\">BLACK FANTASY<\/td>\n<td>1,73<\/td>\n<td><\/td>\n<td><\/td>\n<td><\/td>\n<td><\/td>\n<td><\/td>\n<td><\/td>\n<td><\/td>\n<td><\/td>\n<td><\/td>\n<td><\/td>\n<td><\/td>\n<td><\/td>\n<td><\/td>\n<td style=\"background: red;\"><\/td>\n<td style=\"background: red;\"><\/td>\n<td><\/td>\n<\/tr>\n<tr>\n<th style=\"background: #f0b586;\"><\/th>\n<td style=\"background: #f0b586;\">BLUE GIANT<\/td>\n<td>0,71<\/td>\n<td><\/td>\n<td><\/td>\n<td><\/td>\n<td><\/td>\n<td><\/td>\n<td><\/td>\n<td><\/td>\n<td><\/td>\n<td><\/td>\n<td style=\"background: red;\"><\/td>\n<td style=\"background: red;\"><\/td>\n<td><\/td>\n<td><\/td>\n<td><\/td>\n<td><\/td>\n<td><\/td>\n<\/tr>\n<\/tbody>\n<\/table>\n<p>[\/vc_column_text][\/vc_column][\/vc_row][vc_row][vc_column]<div class=\" ubtn-ctn-center \"><a class=\"ubtn-link ult-adjust-bottom-margin ubtn-center ubtn-normal \" href=\"http:\/\/emelka.com.ar\/es\/frutas\" ><button type=\"button\" id=\"ubtn-3637\"  class=\"ubtn ult-adjust-bottom-margin ult-responsive ubtn-normal ubtn-fade-bg  none  ubtn-center   tooltip-69dc2f89504a6\"  data-hover=\"#9ac100\" data-border-color=\"#9ac100\" data-bg=\"#9ac100\" data-hover-bg=\"#ffffff\" data-border-hover=\"#9ac100\" data-shadow-hover=\"\" data-shadow-click=\"none\" data-shadow=\"\" data-shd-shadow=\"\"  data-ultimate-target='#ubtn-3637'  data-responsive-json-new='{\"font-size\":\"desktop:18px;\",\"line-height\":\"\"}'  style=\"font-weight:normal;border-radius:10px;border-width:2px;border-color:#9ac100;border-style:solid;background: #9ac100;color: #ffffff;\"><span class=\"ubtn-hover\" style=\"background-color:#ffffff\"><\/span><span class=\"ubtn-data ubtn-text \" >VOLVER A FRUTAS<\/span><\/button><\/a><\/div>[\/vc_column][\/vc_row]<\/p>\n","protected":false},"excerpt":{"rendered":"<p>[vc_row amy_add_container=\u00bbyes\u00bb][vc_column width=\u00bb1\/4&#8243;][vc_single_image image=\u00bb1115&#8243; img_size=\u00bb200&#215;200&#8243;][vc_separator color=\u00bbcustom\u00bb align=\u00bbalign_left\u00bb border_width=\u00bb3&#8243; el_width=\u00bb60&#8243; accent_color=\u00bb#8cb63c\u00bb][\/vc_column][vc_column width=\u00bb3\/4&#8243;][vc_empty_space height=\u00bb70px\u00bb][vc_column_text]En el marco de\u00a0 la b\u00fasqueda de diversificar nuestra producci\u00f3n, el cultivo de frutales de carozo\u00a0 se ha presentado como una alternativa factible. Duraznos, nectarines y ciruelos forman parte de esta secci\u00f3n.[\/vc_column_text][\/vc_column][\/vc_row][vc_row amy_add_container=\u00bbyes\u00bb css=\u00bb.vc_custom_1633111824970{padding-top: 40px !important;}\u00bb][vc_column][\/vc_column][\/vc_row][vc_row amy_add_container=\u00bbyes\u00bb css=\u00bb.vc_custom_1633627680116{padding-top: 50px !important;}\u00bb][vc_column width=\u00bb1\/2&#8243;][\/vc_column][vc_column width=\u00bb1\/2&#8243;][\/vc_column][\/vc_row][vc_row amy_add_container=\u00bbyes\u00bb css=\u00bb.vc_custom_1633630869898{padding-bottom: [&hellip;]<\/p>\n","protected":false},"author":1,"featured_media":0,"parent":0,"menu_order":0,"comment_status":"closed","ping_status":"closed","template":"","meta":{"footnotes":""},"class_list":["post-505","page","type-page","status-publish","hentry"],"_links":{"self":[{"href":"http:\/\/emelka.com.ar\/es\/wp-json\/wp\/v2\/pages\/505","targetHints":{"allow":["GET"]}}],"collection":[{"href":"http:\/\/emelka.com.ar\/es\/wp-json\/wp\/v2\/pages"}],"about":[{"href":"http:\/\/emelka.com.ar\/es\/wp-json\/wp\/v2\/types\/page"}],"author":[{"embeddable":true,"href":"http:\/\/emelka.com.ar\/es\/wp-json\/wp\/v2\/users\/1"}],"replies":[{"embeddable":true,"href":"http:\/\/emelka.com.ar\/es\/wp-json\/wp\/v2\/comments?post=505"}],"version-history":[{"count":52,"href":"http:\/\/emelka.com.ar\/es\/wp-json\/wp\/v2\/pages\/505\/revisions"}],"predecessor-version":[{"id":1169,"href":"http:\/\/emelka.com.ar\/es\/wp-json\/wp\/v2\/pages\/505\/revisions\/1169"}],"wp:attachment":[{"href":"http:\/\/emelka.com.ar\/es\/wp-json\/wp\/v2\/media?parent=505"}],"curies":[{"name":"wp","href":"https:\/\/api.w.org\/{rel}","templated":true}]}}