{"id":818,"date":"2021-10-19T11:32:06","date_gmt":"2021-10-19T14:32:06","guid":{"rendered":"http:\/\/emelka.com.ar\/test\/?page_id=818"},"modified":"2024-10-07T09:40:18","modified_gmt":"2024-10-07T12:40:18","slug":"manzanas","status":"publish","type":"page","link":"http:\/\/emelka.com.ar\/es\/manzanas\/","title":{"rendered":"Manzanas"},"content":{"rendered":"<p>[vc_row amy_add_container=\u00bbyes\u00bb css=\u00bb.vc_custom_1635877695132{padding-top: 90px !important;}\u00bb][vc_column width=\u00bb1\/4&#8243;][vc_single_image image=\u00bb925&#8243; img_size=\u00bb200&#215;200&#8243;][vc_separator color=\u00bbcustom\u00bb align=\u00bbalign_left\u00bb border_width=\u00bb3&#8243; el_width=\u00bb60&#8243; accent_color=\u00bb#9ac100&#8243;][\/vc_column][vc_column width=\u00bb3\/4&#8243;][vc_empty_space height=\u00bb70px\u00bb][vc_column_text]Conozca aqu\u00ed las distintas variedades de manzanas que producimos y comercializamos.[\/vc_column_text][\/vc_column][\/vc_row][vc_row amy_add_container=\u00bbyes\u00bb css=\u00bb.vc_custom_1635174746361{padding-top: 40px !important;padding-bottom: 35px !important;}\u00bb][vc_column width=\u00bb3\/4&#8243;]<div id=\"amy-organic-heading-1\" class=\"amy-shortcode amy-organic-heading margin-bottom-20 text-left\"><h3 style=\"color: #9ac100;font-size: 38px;\">ROYAL GALA<\/h3><\/div><div class=\"ult-animation  ult-animate-viewport  ult-no-mobile \" data-animate=\"fadeInLeft\" data-animation-delay=\"0\" data-animation-duration=\"1\" data-animation-iteration=\"1\" style=\"opacity:0;\" data-opacity_start_effect=\"\">[vc_column_text]<\/p>\n<p style=\"font-weight: 400;\">Fue obtenida en Nueva Zelanda en 1939, por cruzamiento entre Kidd\u00b4s Orange Red y Golden Delicious. Es medianamente a muy vigorosa, muy productiva y de r\u00e1pida entrada en producci\u00f3n, siempre que se mantenga el equilibrio del \u00e1rbol entre vegetaci\u00f3n y fructificaci\u00f3n; es poco sensible a la alternancia.<\/p>\n<p>[\/vc_column_text]<\/div>[\/vc_column][vc_column width=\u00bb1\/4&#8243;]<div class=\"ult-animation  ult-animate-viewport  ult-no-mobile \" data-animate=\"fadeInRight\" data-animation-delay=\"0\" data-animation-duration=\"1\" data-animation-iteration=\"1\" style=\"opacity:0;\" data-opacity_start_effect=\"\">[vc_single_image image=\u00bb823&#8243; img_size=\u00bb200&#215;200&#8243; alignment=\u00bbcenter\u00bb]<\/div>[\/vc_column][\/vc_row][vc_row amy_add_container=\u00bbyes\u00bb css=\u00bb.vc_custom_1634751327333{padding-top: 0px !important;padding-bottom: 35px !important;}\u00bb][vc_column width=\u00bb1\/4&#8243;]<div class=\"ult-animation  ult-animate-viewport  ult-no-mobile \" data-animate=\"fadeInRight\" data-animation-delay=\"0\" data-animation-duration=\"1\" data-animation-iteration=\"1\" style=\"opacity:0;\" data-opacity_start_effect=\"\">[vc_single_image image=\u00bb1207&#8243; img_size=\u00bb200&#215;200&#8243; alignment=\u00bbcenter\u00bb]<\/div>[\/vc_column][vc_column width=\u00bb3\/4&#8243;]<div id=\"amy-organic-heading-2\" class=\"amy-shortcode amy-organic-heading margin-bottom-20 text-left\"><h3 style=\"color: #9ac100;font-size: 38px;\">RED DELICIOUS<\/h3><\/div><div class=\"ult-animation  ult-animate-viewport  ult-no-mobile \" data-animate=\"fadeInLeft\" data-animation-delay=\"0\" data-animation-duration=\"1\" data-animation-iteration=\"1\" style=\"opacity:0;\" data-opacity_start_effect=\"\">[vc_column_text]La entrada en producci\u00f3n es bastante tard\u00eda en los clones standard originales. De productividad media a alta, es medianamente sensible a la ca\u00edda. Florece hacia fines de setiembre o primeros d\u00edas de octubre, es autoest\u00e9ril y debe ser polinizada por otras variedades como Elstar, Gala, Fuji, Gloster 69, Golden Delicious, Granny Smith, Jonathan, Ozarkgold, etc.<\/p>\n<p>En nuestros valles, las t\u00edpicas primaveras ventosas y fr\u00edas conspiran con frecuencia para la obtenci\u00f3n de una polinizaci\u00f3n adecuada, problema que se traduce en aborto o falta de parte de las semillas (cuya viabilidad en algunas temporadas, llega a ser inferior al 40% en algunos frutos) y en la consecuente falta de uniformidad en la forma de las manzanas, que presentan una mitad m\u00e1s desarrollada que la otra.[\/vc_column_text]<\/div>[\/vc_column][\/vc_row][vc_row amy_add_container=\u00bbyes\u00bb css=\u00bb.vc_custom_1634751339858{padding-top: 0px !important;padding-bottom: 35px !important;}\u00bb][vc_column width=\u00bb3\/4&#8243;]<div id=\"amy-organic-heading-3\" class=\"amy-shortcode amy-organic-heading margin-bottom-20 text-left\"><h3 style=\"color: #9ac100;font-size: 38px;\">GRANNY SMITH<\/h3><\/div><div class=\"ult-animation  ult-animate-viewport  ult-no-mobile \" data-animate=\"fadeInLeft\" data-animation-delay=\"0\" data-animation-duration=\"1\" data-animation-iteration=\"1\" style=\"opacity:0;\" data-opacity_start_effect=\"\">[vc_column_text]Es originaria de Nueva Gales del Sur, Australia, proveniente de una plantaci\u00f3n de Thomas y Mary Ann Smith, hacia mediados del siglo XIX. Es la tercera variedad m\u00e1s difundida en el mundo, luego de Red Delicious y Golden Delicious; en nuestro pa\u00eds ocupa el segundo lugar en importancia, luego de Red Delicious con una participaci\u00f3n cercana al 20% del total de las manzanas producida en los valles nordpatag\u00f3nicos.[\/vc_column_text]<\/div>[\/vc_column][vc_column width=\u00bb1\/4&#8243;]<div class=\"ult-animation  ult-animate-viewport  ult-no-mobile \" data-animate=\"fadeInRight\" data-animation-delay=\"0\" data-animation-duration=\"1\" data-animation-iteration=\"1\" style=\"opacity:0;\" data-opacity_start_effect=\"\">[vc_single_image image=\u00bb1202&#8243; img_size=\u00bb200&#215;200&#8243; alignment=\u00bbcenter\u00bb]<\/div>[\/vc_column][\/vc_row][vc_row amy_add_container=\u00bbyes\u00bb css=\u00bb.vc_custom_1634751348687{padding-top: 0px !important;padding-bottom: 35px !important;}\u00bb][vc_column width=\u00bb1\/4&#8243;]<div class=\"ult-animation  ult-animate-viewport  ult-no-mobile \" data-animate=\"fadeInRight\" data-animation-delay=\"0\" data-animation-duration=\"1\" data-animation-iteration=\"1\" style=\"opacity:0;\" data-opacity_start_effect=\"\">[vc_single_image image=\u00bb1200&#8243; img_size=\u00bb200&#215;200&#8243; alignment=\u00bbcenter\u00bb]<\/div>[\/vc_column][vc_column width=\u00bb3\/4&#8243;]<div id=\"amy-organic-heading-4\" class=\"amy-shortcode amy-organic-heading margin-bottom-20 text-left\"><h3 style=\"color: #9ac100;font-size: 38px;\">GOLDEN DELICIOUS<\/h3><\/div><div class=\"ult-animation  ult-animate-viewport  ult-no-mobile \" data-animate=\"fadeInLeft\" data-animation-delay=\"0\" data-animation-duration=\"1\" data-animation-iteration=\"1\" style=\"opacity:0;\" data-opacity_start_effect=\"\">[vc_column_text]Originaria de USA, donde fue descubierta hacia fines del siglo XIX, es una de las variedades m\u00e1s difundidas en todas las zonas manzaneras del mundo, en las que la demanda define la mayor o menor importancia que se le da a su cultivo. Por esta raz\u00f3n, se la usa con frecuencia como referente cronol\u00f3gica de las fechas de floraci\u00f3n y\/o de cosecha de las dem\u00e1s variedades.[\/vc_column_text]<\/div>[\/vc_column][\/vc_row][vc_row amy_add_container=\u00bbyes\u00bb css=\u00bb.vc_custom_1634751375636{padding-top: 0px !important;padding-bottom: 35px !important;}\u00bb][vc_column width=\u00bb3\/4&#8243;]<div id=\"amy-organic-heading-5\" class=\"amy-shortcode amy-organic-heading margin-bottom-20 text-left\"><h3 style=\"color: #9ac100;font-size: 38px;\">CRIPPS PINK<\/h3><\/div><div class=\"ult-animation  ult-animate-viewport  ult-no-mobile \" data-animate=\"fadeInLeft\" data-animation-delay=\"0\" data-animation-duration=\"1\" data-animation-iteration=\"1\" style=\"opacity:0;\" data-opacity_start_effect=\"\">[vc_column_text]Cripp\u00b4s Pink lleva el nombre de su creador-productor, John Cripps, y fue seleccionada del programa original de producci\u00f3n de manzanas (Malus domestica, Borkh) en la Horticultural Research Station of Stoneville de Australia Occidental, en 1979. Proviene del cruzamiento entre Lady Williams y Golden Delicious. El fruto es de un caracter\u00edstico color rosado brillante sobre fondo verde que vira a amarillo en la madurez. Cerca del 30-60% de la superficie es verdeamarillenta y 40-70% es rosado-rojizo parejo .Es de tama\u00f1o medio a grande (70-75 mm de di\u00e1metro), y de forma c\u00f3nicamente alargada y algo elipsoida. La pulpa es de color blanco, \u00a0densa, firme, jugosa y con buen sabor. CONTAMOS CON LA CERTIFICACION PINK LADY.[\/vc_column_text]<\/div>[\/vc_column][vc_column width=\u00bb1\/4&#8243;]<div class=\"ult-animation  ult-animate-viewport  ult-no-mobile \" data-animate=\"fadeInRight\" data-animation-delay=\"0\" data-animation-duration=\"1\" data-animation-iteration=\"1\" style=\"opacity:0;\" data-opacity_start_effect=\"\">[vc_single_image image=\u00bb1093&#8243; img_size=\u00bb200&#215;200&#8243; alignment=\u00bbcenter\u00bb]<\/div>[\/vc_column][\/vc_row][vc_row][vc_column][vc_single_image image=\u00bb1083&#8243; img_size=\u00bbfull\u00bb alignment=\u00bbcenter\u00bb][\/vc_column][\/vc_row][vc_row][vc_column width=\u00bb1\/6&#8243;][\/vc_column][vc_column width=\u00bb2\/3&#8243; offset=\u00bbvc_hidden-lg vc_hidden-md vc_hidden-sm vc_hidden-xs\u00bb][vc_column_text]<\/p>\n<table>\n<tbody>\n<tr>\n<th style=\"background: #8cb63c; color: #ffffff;\" scope=\"col\">Variedad<\/th>\n<th style=\"background: #8cb63c; color: #ffffff;\" colspan=\"4\" scope=\"col\">ENE<\/th>\n<th style=\"background: #8cb63c; color: #ffffff;\" colspan=\"4\" scope=\"col\">FEB<\/th>\n<th style=\"background: #8cb63c; color: #ffffff;\" colspan=\"4\" scope=\"col\">MAR<\/th>\n<th style=\"background: #8cb63c; color: #ffffff;\" colspan=\"4\" scope=\"col\">ABR<\/th>\n<th style=\"background: #8cb63c; color: #ffffff;\" colspan=\"4\" scope=\"col\">MAY<\/th>\n<th style=\"background: #8cb63c; color: #ffffff;\" colspan=\"4\" scope=\"col\">JUN<\/th>\n<th style=\"background: #8cb63c; color: #ffffff;\" colspan=\"4\" scope=\"col\">JUL<\/th>\n<th style=\"background: #8cb63c; color: #ffffff;\" colspan=\"4\" scope=\"col\">AGO<\/th>\n<th style=\"background: #8cb63c; color: #ffffff;\" colspan=\"4\" scope=\"col\">SEP<\/th>\n<th style=\"background: #8cb63c; color: #ffffff;\" colspan=\"4\" scope=\"col\">OCT<\/th>\n<th style=\"background: #8cb63c; color: #ffffff;\" colspan=\"4\" scope=\"col\">NOV<\/th>\n<th style=\"background: #8cb63c; color: #ffffff;\" colspan=\"4\" scope=\"col\">DIC<\/th>\n<\/tr>\n<tr>\n<th>Royal Gala<\/th>\n<td><\/td>\n<td><\/td>\n<td style=\"background: red;\"><\/td>\n<td style=\"background: red;\"><\/td>\n<td style=\"background: red;\"><\/td>\n<td style=\"background: red;\"><\/td>\n<td style=\"background: red;\"><\/td>\n<td style=\"background: red;\"><\/td>\n<td style=\"background: red;\"><\/td>\n<td style=\"background: red;\"><\/td>\n<td style=\"background: red;\"><\/td>\n<td style=\"background: red;\"><\/td>\n<td style=\"background: red;\"><\/td>\n<td style=\"background: red;\"><\/td>\n<td style=\"background: red;\"><\/td>\n<td style=\"background: red;\"><\/td>\n<td style=\"background: red;\"><\/td>\n<td style=\"background: red;\"><\/td>\n<td style=\"background: red;\"><\/td>\n<td style=\"background: red;\"><\/td>\n<td style=\"background: red;\"><\/td>\n<td style=\"background: red;\"><\/td>\n<td style=\"background: red;\"><\/td>\n<td style=\"background: red;\"><\/td>\n<td><\/td>\n<td><\/td>\n<td><\/td>\n<td><\/td>\n<td><\/td>\n<td><\/td>\n<td><\/td>\n<td><\/td>\n<td><\/td>\n<td><\/td>\n<td><\/td>\n<td><\/td>\n<td><\/td>\n<td><\/td>\n<td><\/td>\n<td><\/td>\n<td><\/td>\n<td><\/td>\n<td><\/td>\n<td><\/td>\n<td><\/td>\n<td><\/td>\n<td><\/td>\n<td><\/td>\n<\/tr>\n<tr>\n<th>Red Delicious<\/th>\n<td><\/td>\n<td><\/td>\n<td><\/td>\n<td><\/td>\n<td><\/td>\n<td><\/td>\n<td style=\"background: red;\"><\/td>\n<td style=\"background: red;\"><\/td>\n<td style=\"background: red;\"><\/td>\n<td style=\"background: red;\"><\/td>\n<td style=\"background: red;\"><\/td>\n<td style=\"background: red;\"><\/td>\n<td style=\"background: red;\"><\/td>\n<td style=\"background: red;\"><\/td>\n<td style=\"background: red;\"><\/td>\n<td style=\"background: red;\"><\/td>\n<td style=\"background: red;\"><\/td>\n<td style=\"background: red;\"><\/td>\n<td style=\"background: red;\"><\/td>\n<td style=\"background: red;\"><\/td>\n<td style=\"background: red;\"><\/td>\n<td style=\"background: red;\"><\/td>\n<td style=\"background: red;\"><\/td>\n<td style=\"background: red;\"><\/td>\n<td style=\"background: red;\"><\/td>\n<td style=\"background: #ca0000;\"><\/td>\n<td style=\"background: #ca0000;\"><\/td>\n<td style=\"background: #ca0000;\"><\/td>\n<td style=\"background: #ca0000;\"><\/td>\n<td style=\"background: #ca0000;\"><\/td>\n<td style=\"background: #ca0000;\"><\/td>\n<td style=\"background: #ca0000;\"><\/td>\n<td style=\"background: #ca0000;\"><\/td>\n<td style=\"background: #ca0000;\"><\/td>\n<td style=\"background: #ca0000;\"><\/td>\n<td style=\"background: #ca0000;\"><\/td>\n<td style=\"background: #ca0000;\"><\/td>\n<td style=\"background: #ca0000;\"><\/td>\n<td style=\"background: #ca0000;\"><\/td>\n<td style=\"background: #ca0000;\"><\/td>\n<td style=\"background: #ca0000;\"><\/td>\n<td style=\"background: #ca0000;\"><\/td>\n<td style=\"background: #ca0000;\"><\/td>\n<td style=\"background: #ca0000;\"><\/td>\n<td style=\"background: #ca0000;\"><\/td>\n<td style=\"background: #ca0000;\"><\/td>\n<td style=\"background: #ca0000;\"><\/td>\n<td style=\"background: #ca0000;\"><\/td>\n<\/tr>\n<tr>\n<th>Granny Smith<\/th>\n<td><\/td>\n<td><\/td>\n<td><\/td>\n<td><\/td>\n<td><\/td>\n<td><\/td>\n<td><\/td>\n<td><\/td>\n<td><\/td>\n<td><\/td>\n<td style=\"background: red;\"><\/td>\n<td style=\"background: red;\"><\/td>\n<td style=\"background: red;\"><\/td>\n<td style=\"background: red;\"><\/td>\n<td style=\"background: red;\"><\/td>\n<td style=\"background: red;\"><\/td>\n<td style=\"background: red;\"><\/td>\n<td style=\"background: red;\"><\/td>\n<td style=\"background: red;\"><\/td>\n<td style=\"background: red;\"><\/td>\n<td style=\"background: red;\"><\/td>\n<td style=\"background: red;\"><\/td>\n<td style=\"background: red;\"><\/td>\n<td style=\"background: red;\"><\/td>\n<td style=\"background: red;\"><\/td>\n<td style=\"background: #ca0000;\"><\/td>\n<td style=\"background: #ca0000;\"><\/td>\n<td style=\"background: #ca0000;\"><\/td>\n<td style=\"background: #ca0000;\"><\/td>\n<td style=\"background: #ca0000;\"><\/td>\n<td style=\"background: #ca0000;\"><\/td>\n<td style=\"background: #ca0000;\"><\/td>\n<td style=\"background: #ca0000;\"><\/td>\n<td style=\"background: #ca0000;\"><\/td>\n<td style=\"background: #ca0000;\"><\/td>\n<td style=\"background: #ca0000;\"><\/td>\n<td style=\"background: #ca0000;\"><\/td>\n<td style=\"background: #ca0000;\"><\/td>\n<td style=\"background: #ca0000;\"><\/td>\n<td style=\"background: #ca0000;\"><\/td>\n<td style=\"background: #ca0000;\"><\/td>\n<td style=\"background: #ca0000;\"><\/td>\n<td><\/td>\n<td><\/td>\n<td><\/td>\n<td><\/td>\n<td><\/td>\n<td><\/td>\n<\/tr>\n<tr>\n<th>Golden delicius<\/th>\n<td><\/td>\n<td><\/td>\n<td><\/td>\n<td><\/td>\n<td><\/td>\n<td><\/td>\n<td style=\"background: red;\"><\/td>\n<td style=\"background: red;\"><\/td>\n<td style=\"background: red;\"><\/td>\n<td style=\"background: red;\"><\/td>\n<td style=\"background: red;\"><\/td>\n<td style=\"background: red;\"><\/td>\n<td style=\"background: red;\"><\/td>\n<td style=\"background: red;\"><\/td>\n<td style=\"background: red;\"><\/td>\n<td style=\"background: red;\"><\/td>\n<td style=\"background: red;\"><\/td>\n<td style=\"background: red;\"><\/td>\n<td style=\"background: red;\"><\/td>\n<td style=\"background: red;\"><\/td>\n<td style=\"background: red;\"><\/td>\n<td style=\"background: #ca0000;\"><\/td>\n<td style=\"background: #ca0000;\"><\/td>\n<td style=\"background: #ca0000;\"><\/td>\n<td><\/td>\n<td><\/td>\n<td><\/td>\n<td><\/td>\n<td><\/td>\n<td><\/td>\n<td><\/td>\n<td><\/td>\n<td><\/td>\n<td><\/td>\n<td><\/td>\n<td><\/td>\n<td><\/td>\n<td><\/td>\n<td><\/td>\n<td><\/td>\n<td><\/td>\n<td><\/td>\n<td><\/td>\n<td><\/td>\n<td><\/td>\n<td><\/td>\n<td><\/td>\n<td><\/td>\n<\/tr>\n<tr>\n<th>Cripps Pink<\/th>\n<td><\/td>\n<td><\/td>\n<td><\/td>\n<td><\/td>\n<td><\/td>\n<td><\/td>\n<td><\/td>\n<td><\/td>\n<td><\/td>\n<td><\/td>\n<td><\/td>\n<td><\/td>\n<td style=\"background: red;\"><\/td>\n<td style=\"background: red;\"><\/td>\n<td style=\"background: red;\"><\/td>\n<td style=\"background: red;\"><\/td>\n<td style=\"background: red;\"><\/td>\n<td style=\"background: red;\"><\/td>\n<td style=\"background: red;\"><\/td>\n<td style=\"background: red;\"><\/td>\n<td style=\"background: red;\"><\/td>\n<td style=\"background: red;\"><\/td>\n<td style=\"background: red;\"><\/td>\n<td style=\"background: red;\"><\/td>\n<td style=\"background: #ca0000;\"><\/td>\n<td style=\"background: #ca0000;\"><\/td>\n<td style=\"background: #ca0000;\"><\/td>\n<td style=\"background: #ca0000;\"><\/td>\n<td style=\"background: #ca0000;\"><\/td>\n<td style=\"background: #ca0000;\"><\/td>\n<td style=\"background: #ca0000;\"><\/td>\n<td style=\"background: #ca0000;\"><\/td>\n<td style=\"background: #ca0000;\"><\/td>\n<td style=\"background: #ca0000;\"><\/td>\n<td style=\"background: #ca0000;\"><\/td>\n<td style=\"background: #ca0000;\"><\/td>\n<td style=\"background: #ca0000;\"><\/td>\n<td style=\"background: #ca0000;\"><\/td>\n<td style=\"background: #ca0000;\"><\/td>\n<td style=\"background: #ca0000;\"><\/td>\n<td style=\"background: #ca0000;\"><\/td>\n<td style=\"background: #ca0000;\"><\/td>\n<td><\/td>\n<td><\/td>\n<td><\/td>\n<td><\/td>\n<td><\/td>\n<td><\/td>\n<\/tr>\n<\/tbody>\n<\/table>\n<p>[\/vc_column_text][\/vc_column][vc_column width=\u00bb1\/6&#8243;][\/vc_column][\/vc_row][vc_row][vc_column]<div class=\" ubtn-ctn-center \"><a class=\"ubtn-link ult-adjust-bottom-margin ubtn-center ubtn-normal \" href=\"http:\/\/emelka.com.ar\/es\/frutas\" ><button type=\"button\" id=\"ubtn-9138\"  class=\"ubtn ult-adjust-bottom-margin ult-responsive ubtn-normal ubtn-fade-bg  none  ubtn-center   tooltip-69dc2ff977a44\"  data-hover=\"#9ac100\" data-border-color=\"#9ac100\" data-bg=\"#9ac100\" data-hover-bg=\"#ffffff\" data-border-hover=\"#9ac100\" data-shadow-hover=\"\" data-shadow-click=\"none\" data-shadow=\"\" data-shd-shadow=\"\"  data-ultimate-target='#ubtn-9138'  data-responsive-json-new='{\"font-size\":\"desktop:18px;\",\"line-height\":\"\"}'  style=\"font-weight:normal;border-radius:10px;border-width:2px;border-color:#9ac100;border-style:solid;background: #9ac100;color: #ffffff;\"><span class=\"ubtn-hover\" style=\"background-color:#ffffff\"><\/span><span class=\"ubtn-data ubtn-text \" >VOLVER A FRUTAS<\/span><\/button><\/a><\/div>[\/vc_column][\/vc_row]<\/p>\n","protected":false},"excerpt":{"rendered":"<p>[vc_row amy_add_container=\u00bbyes\u00bb css=\u00bb.vc_custom_1635877695132{padding-top: 90px !important;}\u00bb][vc_column width=\u00bb1\/4&#8243;][vc_single_image image=\u00bb925&#8243; img_size=\u00bb200&#215;200&#8243;][vc_separator color=\u00bbcustom\u00bb align=\u00bbalign_left\u00bb border_width=\u00bb3&#8243; el_width=\u00bb60&#8243; accent_color=\u00bb#9ac100&#8243;][\/vc_column][vc_column width=\u00bb3\/4&#8243;][vc_empty_space height=\u00bb70px\u00bb][vc_column_text]Conozca aqu\u00ed las distintas variedades de manzanas que producimos y comercializamos.[\/vc_column_text][\/vc_column][\/vc_row][vc_row amy_add_container=\u00bbyes\u00bb css=\u00bb.vc_custom_1635174746361{padding-top: 40px !important;padding-bottom: 35px !important;}\u00bb][vc_column width=\u00bb3\/4&#8243;][\/vc_column][vc_column width=\u00bb1\/4&#8243;][\/vc_column][\/vc_row][vc_row amy_add_container=\u00bbyes\u00bb css=\u00bb.vc_custom_1634751327333{padding-top: 0px !important;padding-bottom: 35px !important;}\u00bb][vc_column width=\u00bb1\/4&#8243;][\/vc_column][vc_column width=\u00bb3\/4&#8243;][\/vc_column][\/vc_row][vc_row amy_add_container=\u00bbyes\u00bb css=\u00bb.vc_custom_1634751339858{padding-top: 0px !important;padding-bottom: 35px !important;}\u00bb][vc_column width=\u00bb3\/4&#8243;][\/vc_column][vc_column width=\u00bb1\/4&#8243;][\/vc_column][\/vc_row][vc_row amy_add_container=\u00bbyes\u00bb css=\u00bb.vc_custom_1634751348687{padding-top: 0px !important;padding-bottom: 35px !important;}\u00bb][vc_column [&hellip;]<\/p>\n","protected":false},"author":1,"featured_media":0,"parent":0,"menu_order":0,"comment_status":"closed","ping_status":"closed","template":"","meta":{"footnotes":""},"class_list":["post-818","page","type-page","status-publish","hentry"],"_links":{"self":[{"href":"http:\/\/emelka.com.ar\/es\/wp-json\/wp\/v2\/pages\/818","targetHints":{"allow":["GET"]}}],"collection":[{"href":"http:\/\/emelka.com.ar\/es\/wp-json\/wp\/v2\/pages"}],"about":[{"href":"http:\/\/emelka.com.ar\/es\/wp-json\/wp\/v2\/types\/page"}],"author":[{"embeddable":true,"href":"http:\/\/emelka.com.ar\/es\/wp-json\/wp\/v2\/users\/1"}],"replies":[{"embeddable":true,"href":"http:\/\/emelka.com.ar\/es\/wp-json\/wp\/v2\/comments?post=818"}],"version-history":[{"count":27,"href":"http:\/\/emelka.com.ar\/es\/wp-json\/wp\/v2\/pages\/818\/revisions"}],"predecessor-version":[{"id":1209,"href":"http:\/\/emelka.com.ar\/es\/wp-json\/wp\/v2\/pages\/818\/revisions\/1209"}],"wp:attachment":[{"href":"http:\/\/emelka.com.ar\/es\/wp-json\/wp\/v2\/media?parent=818"}],"curies":[{"name":"wp","href":"https:\/\/api.w.org\/{rel}","templated":true}]}}