{"id":855,"date":"2021-10-20T10:20:01","date_gmt":"2021-10-20T13:20:01","guid":{"rendered":"http:\/\/emelka.com.ar\/test\/?page_id=855"},"modified":"2021-11-15T10:14:05","modified_gmt":"2021-11-15T13:14:05","slug":"empresa","status":"publish","type":"page","link":"http:\/\/emelka.com.ar\/es\/empresa\/","title":{"rendered":"Empresa"},"content":{"rendered":"<p>[vc_row amy_add_container=\u00bbyes\u00bb css=\u00bb.vc_custom_1635530101210{padding-top: 50px !important;padding-bottom: 35px !important;}\u00bb][vc_column]<div id=\"amy-organic-heading-1\" class=\"amy-shortcode amy-organic-heading margin-bottom-20 text-left\"><h3 style=\"color: #9ac100;font-size: 38px;\">La empresa<\/h3><p style=\"color: #333333;font-size: 20px;\">Emelka S.A se constituy\u00f3 en el a\u00f1o 2000.<\/p><\/div><div class=\"ult-animation  ult-animate-viewport  ult-no-mobile \" data-animate=\"fadeInLeft\" data-animation-delay=\"0\" data-animation-duration=\"1\" data-animation-iteration=\"1\" style=\"opacity:0;\" data-opacity_start_effect=\"\">[vc_column_text]<\/p>\n<p style=\"text-align: justify;\">Ubicada en la zona de Chimpay, Valle Medio de la Provincia de R\u00edo Negro, su actividad econ\u00f3mica es la producci\u00f3n de frutas frescas, principalmente de peras, manzanas, cerezas y nectarines de calidad internacional, habiendo evolucionado durante estos a\u00f1os hasta convertirse en exportadora de su propia producci\u00f3n.<\/p>\n<p style=\"text-align: justify;\">Los vol\u00famenes que nuestra empresa comercializa son el resultado de un compromiso de calidad de producto y atenci\u00f3n a nuestros clientes, ya sean del mercado interno como del exterior.<\/p>\n<p style=\"text-align: justify;\">La empresa ha estado en constante crecimiento y actualizaci\u00f3n, adapt\u00e1ndose a las exigencias internacionales en cuando a las normas especificas requeridas en los diferentes pa\u00edses. Actualmente cuenta con la certificaci\u00f3n\u00a0<strong>Global Gap<\/strong>, lo cual le posibilita el acceso a los mercados m\u00e1s rigurosos en lo referente a normas sanitarias.<\/p>\n<p style=\"text-align: justify;\">Adem\u00e1s de ser uno de los productores frut\u00edcolas m\u00e1s importantes de la zona, nuestra empresa ha diversificado su actividad hacia la la ganader\u00eda, pasturas, cereales y oleaginosas.<\/p>\n<p style=\"text-align: justify;\">Somos una din\u00e1mica organizaci\u00f3n de estructura familiar que cuenta con profesionales, t\u00e9cnicos e id\u00f3neos que d\u00eda a d\u00eda ponen al servicio de la empresa sus competencias con el objetivo de fortalecer nuestra producci\u00f3n.<\/p>\n<p style=\"text-align: justify;\">Impulsamos un renovador plan de reconversi\u00f3n frut\u00edcola para adaptarnos a los requerimientos de nuestro variado mercado consumidor a trav\u00e9s del mundo con la visi\u00f3n de producir alimentos de primera calidad.<\/p>\n<p>[\/vc_column_text]<\/div>[vc_row_inner][vc_column_inner]<div class=\" ubtn-ctn-center \"><a class=\"ubtn-link ult-adjust-bottom-margin ubtn-center ubtn-normal \" href=\"http:\/\/emelka.com.ar\/test\/wp-content\/uploads\/2021\/11\/Desde-1965.pdf\" target=\"_blank\" rel=\"noopener\" ><button type=\"button\" id=\"ubtn-3415\"  class=\"ubtn ult-adjust-bottom-margin ult-responsive ubtn-normal ubtn-fade-bg  none  ubtn-center   tooltip-69dc2f8e4c303\"  data-hover=\"#9ac100\" data-border-color=\"#9ac100\" data-bg=\"#9ac100\" data-hover-bg=\"#ffffff\" data-border-hover=\"#9ac100\" data-shadow-hover=\"\" data-shadow-click=\"none\" data-shadow=\"\" data-shd-shadow=\"\"  data-ultimate-target='#ubtn-3415'  data-responsive-json-new='{\"font-size\":\"desktop:18px;\",\"line-height\":\"\"}'  style=\"font-weight:normal;border-radius:10px;border-width:2px;border-color:#9ac100;border-style:solid;background: #9ac100;color: #ffffff;\"><span class=\"ubtn-data ubtn-icon\"><i class=\"none\" style=\"font-size:px;color:#ffffff;\"><\/i><\/span><span class=\"ubtn-hover\" style=\"background-color:#ffffff\"><\/span><span class=\"ubtn-data ubtn-text \" >CONOC\u00c9 M\u00c1S DE NOSOTROS<\/span><\/button><\/a><\/div>[\/vc_column_inner][\/vc_row_inner]<div class=\"ult-animation  ult-animate-viewport  ult-no-mobile \" data-animate=\"fadeInLeft\" data-animation-delay=\"0\" data-animation-duration=\"1\" data-animation-iteration=\"1\" style=\"opacity:0;\" data-opacity_start_effect=\"\">[vc_images_carousel images=\u00bb1039&#8243; img_size=\u00bbfull\u00bb autoplay=\u00bbyes\u00bb hide_pagination_control=\u00bbyes\u00bb hide_prev_next_buttons=\u00bbyes\u00bb wrap=\u00bbyes\u00bb]<\/div>[\/vc_column][\/vc_row]<\/p>\n","protected":false},"excerpt":{"rendered":"<p>[vc_row amy_add_container=\u00bbyes\u00bb css=\u00bb.vc_custom_1635530101210{padding-top: 50px !important;padding-bottom: 35px !important;}\u00bb][vc_column][vc_row_inner][vc_column_inner][\/vc_column_inner][\/vc_row_inner][\/vc_column][\/vc_row]<\/p>\n","protected":false},"author":1,"featured_media":0,"parent":0,"menu_order":0,"comment_status":"closed","ping_status":"closed","template":"","meta":{"footnotes":""},"class_list":["post-855","page","type-page","status-publish","hentry"],"_links":{"self":[{"href":"http:\/\/emelka.com.ar\/es\/wp-json\/wp\/v2\/pages\/855","targetHints":{"allow":["GET"]}}],"collection":[{"href":"http:\/\/emelka.com.ar\/es\/wp-json\/wp\/v2\/pages"}],"about":[{"href":"http:\/\/emelka.com.ar\/es\/wp-json\/wp\/v2\/types\/page"}],"author":[{"embeddable":true,"href":"http:\/\/emelka.com.ar\/es\/wp-json\/wp\/v2\/users\/1"}],"replies":[{"embeddable":true,"href":"http:\/\/emelka.com.ar\/es\/wp-json\/wp\/v2\/comments?post=855"}],"version-history":[{"count":17,"href":"http:\/\/emelka.com.ar\/es\/wp-json\/wp\/v2\/pages\/855\/revisions"}],"predecessor-version":[{"id":1060,"href":"http:\/\/emelka.com.ar\/es\/wp-json\/wp\/v2\/pages\/855\/revisions\/1060"}],"wp:attachment":[{"href":"http:\/\/emelka.com.ar\/es\/wp-json\/wp\/v2\/media?parent=855"}],"curies":[{"name":"wp","href":"https:\/\/api.w.org\/{rel}","templated":true}]}}