{"id":489,"date":"2021-09-30T13:22:46","date_gmt":"2021-09-30T16:22:46","guid":{"rendered":"http:\/\/emelka.com.ar\/test\/?page_id=489"},"modified":"2021-11-11T14:09:21","modified_gmt":"2021-11-11T17:09:21","slug":"farming","status":"publish","type":"page","link":"https:\/\/emelka.com.ar\/es\/farming\/","title":{"rendered":"Farming"},"content":{"rendered":"<p>[vc_row amy_add_container=\u00bbyes\u00bb css=\u00bb.vc_custom_1635530152486{padding-top: 50px !important;}\u00bb][vc_column width=\u00bb1\/2&#8243;]<div class=\"aio-icon-component    style_2\"><div id=\"Info-box-wrap-7934\" class=\"aio-icon-box default-icon\" style=\"\"  ><div class=\"aio-icon-default\"><div class=\"ult-just-icon-wrapper  \"><div class=\"align-icon\" style=\"text-align:center;\">\n<div class=\"aio-icon-img \" style=\"font-size:60px;display:inline-block;\" data-animation=\"fadeInLeft\" data-animation-delay=\"03\">\n\t<img decoding=\"async\" class=\"img-icon\" alt=\"null\" src=\"https:\/\/emelka.com.ar\/wp-content\/uploads\/2021\/10\/iconos-ganaderia-04.png\"\/>\n<\/div><\/div><\/div><\/div><div class=\"aio-icon-header\" ><h3 class=\"aio-icon-title ult-responsive\"  data-ultimate-target='#Info-box-wrap-7934 .aio-icon-title'  data-responsive-json-new='{\"font-size\":\"desktop:28px;\",\"line-height\":\"\"}'  style=\"font-weight:bold;\">Ganader\u00eda<\/h3><\/div> <!-- header --><div class=\"aio-icon-description ult-responsive\"  data-ultimate-target='#Info-box-wrap-7934 .aio-icon-description'  data-responsive-json-new='{\"font-size\":\"\",\"line-height\":\"\"}'  style=\"\">Nuestro establecimiento posee un enorme potencial ganadero en pastoreo directo, basado en un manejo sustentable del agroecosistema pastoril y de su entorno natural. Las normas de bienestar aplicadas en la Uni\u00f3n Europea son de uso com\u00fan en el quehacer cotidiano de nuestra finca.La empresa lleva adelante un ciclo completo de ganader\u00eda siendo la cr\u00eda, invernada y engorde a corral sus principales actividades y categor\u00edas. Con servicios y pariciones estacionados seg\u00fan categor\u00eda, edad y condici\u00f3n corporal de los animales, el producto final (terneros) son destinados a la venta o bien terminados en un corral de encierre, utilizando para ello granos y forrajes producidos dentro del establecimiento.<\/div> <!-- description --><\/div> <!-- aio-icon-box --><\/div> <!-- aio-icon-component -->[\/vc_column][vc_column width=\u00bb1\/2&#8243;][vc_single_image image=\u00bb510&#8243; img_size=\u00bbfull\u00bb style=\u00bbvc_box_shadow_border\u00bb onclick=\u00bbzoom\u00bb css_animation=\u00bbfadeInRight\u00bb][\/vc_column][\/vc_row][vc_row amy_add_container=\u00bbyes\u00bb css=\u00bb.vc_custom_1633110374503{padding-top: 50px !important;}\u00bb][vc_column width=\u00bb1\/2&#8243;][vc_single_image image=\u00bb1043&#8243; img_size=\u00bbfull\u00bb style=\u00bbvc_box_shadow_border\u00bb onclick=\u00bbzoom\u00bb css_animation=\u00bbfadeInLeft\u00bb][\/vc_column][vc_column width=\u00bb1\/2&#8243;]<div class=\"aio-icon-component    style_2\"><div id=\"Info-box-wrap-7781\" class=\"aio-icon-box default-icon\" style=\"\"  ><div class=\"aio-icon-default\"><div class=\"ult-just-icon-wrapper  \"><div class=\"align-icon\" style=\"text-align:center;\">\n<div class=\"aio-icon-img \" style=\"font-size:60px;display:inline-block;\" data-animation=\"fadeInRight\" data-animation-delay=\"03\">\n\t<img decoding=\"async\" class=\"img-icon\" alt=\"null\" src=\"https:\/\/emelka.com.ar\/wp-content\/uploads\/2021\/10\/iconos-feed-02.png\"\/>\n<\/div><\/div><\/div><\/div><div class=\"aio-icon-header\" ><h3 class=\"aio-icon-title ult-responsive\"  data-ultimate-target='#Info-box-wrap-7781 .aio-icon-title'  data-responsive-json-new='{\"font-size\":\"desktop:28px;\",\"line-height\":\"\"}'  style=\"font-weight:bold;\">Feed Lot<\/h3><\/div> <!-- header --><div class=\"aio-icon-description ult-responsive\"  data-ultimate-target='#Info-box-wrap-7781 .aio-icon-description'  data-responsive-json-new='{\"font-size\":\"\",\"line-height\":\"\"}'  style=\"\">Los bovinos ingresan al establecimiento en su mayor parte con la categor\u00eda de recr\u00eda e invernada durante el mes de julio y agosto permitiendo un gradual acostumbramiento a los movimientos de personal y maquinarias dentro del predio. La procedencia de estos animales se ubica en campos de cr\u00eda en la estepa patag\u00f3nica que se caracteriza por su soledad y grandes extensiones, el cambio y traslado hacia otros lugares origina situaciones de estr\u00e9s en los animales. Tanto terneras como vaquillonas se terminan dentro del ciclo de pastoreo en los meses de marzo y abril con un peso promedio de 340 kilos. Los machos, terneros y novillitos, cuyo peso faena oscila entre los 410 a 430 kilos, no completan su terminaci\u00f3n a campo y son confinados al comenzar el oto\u00f1o con raciones elaboradas dentro del establecimiento a base de alfalfa y ma\u00edz con el agregado de n\u00facleos minerales y vitam\u00ednicos. Se cuenta con las instalaciones apropiadas en corrales, comederos, bebederos, silos para almacenar el grano producido en la chacra y tinglados para los fardos empleados en la preparaci\u00f3n de las raciones. Estamos incrementando nuestra capacidad para desarrollar esta actividad dentro de establecimiento.<\/div> <!-- description --><\/div> <!-- aio-icon-box --><\/div> <!-- aio-icon-component -->[\/vc_column][\/vc_row][vc_row amy_add_container=\u00bbyes\u00bb css=\u00bb.vc_custom_1633110367355{padding-top: 50px !important;}\u00bb][vc_column width=\u00bb1\/2&#8243;]<div class=\"aio-icon-component    style_2\"><div id=\"Info-box-wrap-7743\" class=\"aio-icon-box default-icon\" style=\"\"  ><div class=\"aio-icon-default\"><div class=\"ult-just-icon-wrapper  \"><div class=\"align-icon\" style=\"text-align:center;\">\n<div class=\"aio-icon-img \" style=\"font-size:60px;display:inline-block;\" data-animation=\"fadeInLeft\" data-animation-delay=\"03\">\n\t<img decoding=\"async\" class=\"img-icon\" alt=\"null\" src=\"https:\/\/emelka.com.ar\/wp-content\/uploads\/2021\/10\/iconos-alfalfa-01.png\"\/>\n<\/div><\/div><\/div><\/div><div class=\"aio-icon-header\" ><h3 class=\"aio-icon-title ult-responsive\"  data-ultimate-target='#Info-box-wrap-7743 .aio-icon-title'  data-responsive-json-new='{\"font-size\":\"desktop:28px;\",\"line-height\":\"\"}'  style=\"font-weight:bold;\">Alfalfas y Pasturas Asociadas<\/h3><\/div> <!-- header --><div class=\"aio-icon-description ult-responsive\"  data-ultimate-target='#Info-box-wrap-7743 .aio-icon-description'  data-responsive-json-new='{\"font-size\":\"\",\"line-height\":\"\"}'  style=\"\">Se emplean cultivos adecuados a la latitud y aptitud de uso de los suelos, destin\u00e1ndose sectores espec\u00edficos al PRI (pastoreo rotativo intensivo) y otros a la confecci\u00f3n de reservas forrajeras. Dichas reservas forrajeras son empleadas en las raciones de la hacienda o bien se destinan a la venta directa en los mercados de la Patagonia. Actualmente se analizan inversiones a efectos de industrializar y dar valor agregado a los mismos.<\/div> <!-- description --><\/div> <!-- aio-icon-box --><\/div> <!-- aio-icon-component -->[\/vc_column][vc_column width=\u00bb1\/2&#8243;][vc_single_image image=\u00bb512&#8243; img_size=\u00bbfull\u00bb style=\u00bbvc_box_shadow_border\u00bb onclick=\u00bbzoom\u00bb css_animation=\u00bbfadeInRight\u00bb][\/vc_column][\/vc_row][vc_row amy_add_container=\u00bbyes\u00bb css=\u00bb.vc_custom_1633110353634{padding-top: 50px !important;}\u00bb][vc_column width=\u00bb1\/2&#8243;][vc_single_image image=\u00bb1046&#8243; img_size=\u00bbfull\u00bb style=\u00bbvc_box_shadow_border\u00bb onclick=\u00bbzoom\u00bb css_animation=\u00bbfadeInLeft\u00bb][\/vc_column][vc_column width=\u00bb1\/2&#8243;]<div class=\"aio-icon-component    style_2\"><div id=\"Info-box-wrap-3342\" class=\"aio-icon-box default-icon\" style=\"\"  ><div class=\"aio-icon-default\"><div class=\"ult-just-icon-wrapper  \"><div class=\"align-icon\" style=\"text-align:center;\">\n<div class=\"aio-icon-img \" style=\"font-size:60px;display:inline-block;\" data-animation=\"fadeInRight\" data-animation-delay=\"03\">\n\t<img decoding=\"async\" class=\"img-icon\" alt=\"null\" src=\"https:\/\/emelka.com.ar\/wp-content\/uploads\/2021\/10\/iconos-cereal-03-03.png\"\/>\n<\/div><\/div><\/div><\/div><div class=\"aio-icon-header\" ><h3 class=\"aio-icon-title ult-responsive\"  data-ultimate-target='#Info-box-wrap-3342 .aio-icon-title'  data-responsive-json-new='{\"font-size\":\"desktop:28px;\",\"line-height\":\"\"}'  style=\"font-weight:bold;\">Cereales y Oleaginosas<\/h3><\/div> <!-- header --><div class=\"aio-icon-description ult-responsive\"  data-ultimate-target='#Info-box-wrap-3342 .aio-icon-description'  data-responsive-json-new='{\"font-size\":\"\",\"line-height\":\"\"}'  style=\"\">Un lugar preponderante en el \u00e1rea sembrada dentro de nuestro establecimiento lo ocupa el ma\u00edz, por sus posibles usos en la alimentaci\u00f3n del ganado, venta directa en mercados de la Patagonia y bioenerg\u00eda. En este \u00faltimo \u00edtem y junto con la soja, constituyen algunos de los desaf\u00edos m\u00e1s interesantes en cuanto al aprovechamiento de estas especies. Producciones de semilla en cultivos tales como alfalfa, girasol, zapallo, tomate, etc. cuentan con mucho potencial de realizaci\u00f3n, su concreci\u00f3n depender\u00e1 de variables micro y macroecon\u00f3micas.<\/div> <!-- description --><\/div> <!-- aio-icon-box --><\/div> <!-- aio-icon-component -->[\/vc_column][\/vc_row][vc_row amy_add_container=\u00bbyes\u00bb css=\u00bb.vc_custom_1633110206384{padding-top: 25px !important;}\u00bb][vc_column][vc_images_carousel images=\u00bb515,516,517&#8243; img_size=\u00bbfull\u00bb slides_per_view=\u00bb2&#8243; autoplay=\u00bbyes\u00bb hide_pagination_control=\u00bbyes\u00bb wrap=\u00bbyes\u00bb][\/vc_column][\/vc_row]<\/p>\n","protected":false},"excerpt":{"rendered":"<p>[vc_row amy_add_container=\u00bbyes\u00bb css=\u00bb.vc_custom_1635530152486{padding-top: 50px !important;}\u00bb][vc_column width=\u00bb1\/2&#8243;][\/vc_column][vc_column width=\u00bb1\/2&#8243;][vc_single_image image=\u00bb510&#8243; img_size=\u00bbfull\u00bb style=\u00bbvc_box_shadow_border\u00bb onclick=\u00bbzoom\u00bb css_animation=\u00bbfadeInRight\u00bb][\/vc_column][\/vc_row][vc_row amy_add_container=\u00bbyes\u00bb css=\u00bb.vc_custom_1633110374503{padding-top: 50px !important;}\u00bb][vc_column width=\u00bb1\/2&#8243;][vc_single_image image=\u00bb1043&#8243; img_size=\u00bbfull\u00bb style=\u00bbvc_box_shadow_border\u00bb onclick=\u00bbzoom\u00bb css_animation=\u00bbfadeInLeft\u00bb][\/vc_column][vc_column width=\u00bb1\/2&#8243;][\/vc_column][\/vc_row][vc_row amy_add_container=\u00bbyes\u00bb css=\u00bb.vc_custom_1633110367355{padding-top: 50px !important;}\u00bb][vc_column width=\u00bb1\/2&#8243;][\/vc_column][vc_column width=\u00bb1\/2&#8243;][vc_single_image image=\u00bb512&#8243; img_size=\u00bbfull\u00bb style=\u00bbvc_box_shadow_border\u00bb onclick=\u00bbzoom\u00bb css_animation=\u00bbfadeInRight\u00bb][\/vc_column][\/vc_row][vc_row amy_add_container=\u00bbyes\u00bb css=\u00bb.vc_custom_1633110353634{padding-top: 50px !important;}\u00bb][vc_column width=\u00bb1\/2&#8243;][vc_single_image image=\u00bb1046&#8243; img_size=\u00bbfull\u00bb style=\u00bbvc_box_shadow_border\u00bb onclick=\u00bbzoom\u00bb css_animation=\u00bbfadeInLeft\u00bb][\/vc_column][vc_column width=\u00bb1\/2&#8243;][\/vc_column][\/vc_row][vc_row amy_add_container=\u00bbyes\u00bb css=\u00bb.vc_custom_1633110206384{padding-top: 25px !important;}\u00bb][vc_column][vc_images_carousel images=\u00bb515,516,517&#8243; img_size=\u00bbfull\u00bb slides_per_view=\u00bb2&#8243; autoplay=\u00bbyes\u00bb hide_pagination_control=\u00bbyes\u00bb wrap=\u00bbyes\u00bb][\/vc_column][\/vc_row]<\/p>\n","protected":false},"author":1,"featured_media":0,"parent":0,"menu_order":0,"comment_status":"closed","ping_status":"closed","template":"","meta":{"footnotes":""},"class_list":["post-489","page","type-page","status-publish","hentry"],"_links":{"self":[{"href":"https:\/\/emelka.com.ar\/es\/wp-json\/wp\/v2\/pages\/489","targetHints":{"allow":["GET"]}}],"collection":[{"href":"https:\/\/emelka.com.ar\/es\/wp-json\/wp\/v2\/pages"}],"about":[{"href":"https:\/\/emelka.com.ar\/es\/wp-json\/wp\/v2\/types\/page"}],"author":[{"embeddable":true,"href":"https:\/\/emelka.com.ar\/es\/wp-json\/wp\/v2\/users\/1"}],"replies":[{"embeddable":true,"href":"https:\/\/emelka.com.ar\/es\/wp-json\/wp\/v2\/comments?post=489"}],"version-history":[{"count":48,"href":"https:\/\/emelka.com.ar\/es\/wp-json\/wp\/v2\/pages\/489\/revisions"}],"predecessor-version":[{"id":1048,"href":"https:\/\/emelka.com.ar\/es\/wp-json\/wp\/v2\/pages\/489\/revisions\/1048"}],"wp:attachment":[{"href":"https:\/\/emelka.com.ar\/es\/wp-json\/wp\/v2\/media?parent=489"}],"curies":[{"name":"wp","href":"https:\/\/api.w.org\/{rel}","templated":true}]}}