{"id":839,"date":"2021-10-19T16:00:18","date_gmt":"2021-10-19T19:00:18","guid":{"rendered":"http:\/\/emelka.com.ar\/test\/?page_id=839"},"modified":"2024-09-16T15:04:03","modified_gmt":"2024-09-16T18:04:03","slug":"peras","status":"publish","type":"page","link":"https:\/\/emelka.com.ar\/es\/peras\/","title":{"rendered":"Peras"},"content":{"rendered":"<p>[vc_row amy_add_container=\u00bbyes\u00bb css=\u00bb.vc_custom_1635183796428{padding-top: 90px !important;}\u00bb][vc_column width=\u00bb1\/4&#8243;][vc_single_image image=\u00bb929&#8243; img_size=\u00bb200&#215;200&#8243;][vc_separator color=\u00bbcustom\u00bb align=\u00bbalign_left\u00bb border_width=\u00bb3&#8243; el_width=\u00bb60&#8243; accent_color=\u00bb#8cb63c\u00bb][\/vc_column][vc_column width=\u00bb3\/4&#8243;][vc_empty_space height=\u00bb70px\u00bb][vc_column_text]Disponemos de una importante diversidad de peras que hacemos llegar al mercado consumidor, ent\u00e9rese aqu\u00ed.[\/vc_column_text][\/vc_column][\/vc_row][vc_row amy_add_container=\u00bbyes\u00bb css=\u00bb.vc_custom_1635183412571{padding-top: 40px !important;padding-bottom: 35px !important;}\u00bb][vc_column width=\u00bb3\/4&#8243;]<div id=\"amy-organic-heading-1\" class=\"amy-shortcode amy-organic-heading margin-bottom-20 text-left\"><h3 style=\"color: #9ac100;font-size: 38px;\">ABATE FETEL<\/h3><\/div><div class=\"ult-animation  ult-animate-viewport  ult-no-mobile \" data-animate=\"fadeInLeft\" data-animation-delay=\"0\" data-animation-duration=\"1\" data-animation-iteration=\"1\" style=\"opacity:0;\" data-opacity_start_effect=\"\">[vc_column_text]Su nombre original es Abb\u00e9 Fetel; fue encontrada por el prior del Monasterio de Chessny, en el valle del R\u00f3dano, ubicado en el centro sur de Francia, hacia 1866. Es muy apreciada por el consumidor italiano y, en nuestro pa\u00eds comenz\u00f3 a ser cultivada hace unos pocos a\u00f1os.[\/vc_column_text]<\/div>[\/vc_column][vc_column width=\u00bb1\/4&#8243;]<div class=\"ult-animation  ult-animate-viewport  ult-no-mobile \" data-animate=\"fadeInRight\" data-animation-delay=\"0\" data-animation-duration=\"1\" data-animation-iteration=\"1\" style=\"opacity:0;\" data-opacity_start_effect=\"\">[vc_single_image image=\u00bb1180&#8243; img_size=\u00bb200&#215;200&#8243; alignment=\u00bbcenter\u00bb]<\/div>[\/vc_column][\/vc_row][vc_row amy_add_container=\u00bbyes\u00bb css=\u00bb.vc_custom_1634751640269{padding-top: 0px !important;padding-bottom: 35px !important;}\u00bb][vc_column width=\u00bb1\/4&#8243;]<div class=\"ult-animation  ult-animate-viewport  ult-no-mobile \" data-animate=\"fadeInRight\" data-animation-delay=\"0\" data-animation-duration=\"1\" data-animation-iteration=\"1\" style=\"opacity:0;\" data-opacity_start_effect=\"\">[vc_single_image image=\u00bb1190&#8243; img_size=\u00bb200&#215;200&#8243; alignment=\u00bbcenter\u00bb]<\/div>[\/vc_column][vc_column width=\u00bb3\/4&#8243;]<div id=\"amy-organic-heading-2\" class=\"amy-shortcode amy-organic-heading margin-bottom-20 text-left\"><h3 style=\"color: #9ac100;font-size: 38px;\">WILLIAMS \/ BARTLETT<\/h3><\/div><div class=\"ult-animation  ult-animate-viewport  ult-no-mobile \" data-animate=\"fadeInLeft\" data-animation-delay=\"0\" data-animation-duration=\"1\" data-animation-iteration=\"1\" style=\"opacity:0;\" data-opacity_start_effect=\"\">[vc_column_text]Conocida tambi\u00e9n como Williams Bon Chr\u00e9tien o Bartlett, es originaria de Aldermaston, Berkshire, Inglaterra, donde apareci\u00f3 hacia 1799. Es la variedad m\u00e1s cultivada en Occidente y la preferida de la industria conservera. Williams representa el 35% de la producci\u00f3n argentina de peras.[\/vc_column_text]<\/div>[\/vc_column][\/vc_row][vc_row amy_add_container=\u00bbyes\u00bb css=\u00bb.vc_custom_1634751649259{padding-top: 0px !important;padding-bottom: 35px !important;}\u00bb][vc_column width=\u00bb3\/4&#8243;]<div id=\"amy-organic-heading-3\" class=\"amy-shortcode amy-organic-heading margin-bottom-20 text-left\"><h3 style=\"color: #9ac100;font-size: 38px;\">BEURRE D\u2019ANJOU<\/h3><\/div><div class=\"ult-animation  ult-animate-viewport  ult-no-mobile \" data-animate=\"fadeInLeft\" data-animation-delay=\"0\" data-animation-duration=\"1\" data-animation-iteration=\"1\" style=\"opacity:0;\" data-opacity_start_effect=\"\">[vc_column_text]Conocida tambi\u00e9n en USA m\u00e1s com\u00fanmente como Anjou, algunos autores la consideran originaria de B\u00e9lgica y otros de la regi\u00f3n cercana a Angers, en el centro oeste de Francia, hacia mediados del siglo XIX.[\/vc_column_text]<\/div>[\/vc_column][vc_column width=\u00bb1\/4&#8243;]<div class=\"ult-animation  ult-animate-viewport  ult-no-mobile \" data-animate=\"fadeInRight\" data-animation-delay=\"0\" data-animation-duration=\"1\" data-animation-iteration=\"1\" style=\"opacity:0;\" data-opacity_start_effect=\"\">[vc_single_image image=\u00bb1182&#8243; img_size=\u00bb200&#215;200&#8243; alignment=\u00bbcenter\u00bb]<\/div>[\/vc_column][\/vc_row][vc_row amy_add_container=\u00bbyes\u00bb css=\u00bb.vc_custom_1634751661414{padding-top: 0px !important;padding-bottom: 35px !important;}\u00bb][vc_column width=\u00bb1\/4&#8243;]<div class=\"ult-animation  ult-animate-viewport  ult-no-mobile \" data-animate=\"fadeInRight\" data-animation-delay=\"0\" data-animation-duration=\"1\" data-animation-iteration=\"1\" style=\"opacity:0;\" data-opacity_start_effect=\"\">[vc_single_image image=\u00bb1184&#8243; img_size=\u00bb200&#215;200&#8243; alignment=\u00bbcenter\u00bb]<\/div>[\/vc_column][vc_column width=\u00bb3\/4&#8243;]<div id=\"amy-organic-heading-4\" class=\"amy-shortcode amy-organic-heading margin-bottom-20 text-left\"><h3 style=\"color: #9ac100;font-size: 38px;\">PACKAM\u2019S TRIUMPH<\/h3><\/div><div class=\"ult-animation  ult-animate-viewport  ult-no-mobile \" data-animate=\"fadeInLeft\" data-animation-delay=\"0\" data-animation-duration=\"1\" data-animation-iteration=\"1\" style=\"opacity:0;\" data-opacity_start_effect=\"\">[vc_column_text]Su origen se remonta a 1896-97, en Nueva Gales, Australia. Aunque lejos de Williams, Packham\u00b4s Triumph ocupa el segundo lugar en importancia, en la producci\u00f3n de peras argentinas. Variedad de calibre mediano de forma irregular bolseada. La pulpa es de textura fina, jugosa, acidulada, poco azucarada.[\/vc_column_text]<\/div>[\/vc_column][\/vc_row][vc_row amy_add_container=\u00bbyes\u00bb css=\u00bb.vc_custom_1635180208628{padding-top: 0px !important;}\u00bb][vc_column width=\u00bb3\/4&#8243;]<div id=\"amy-organic-heading-5\" class=\"amy-shortcode amy-organic-heading margin-bottom-20 text-left\"><h3 style=\"color: #9ac100;font-size: 38px;\">RED BARTLETT<\/h3><\/div><div class=\"ult-animation  ult-animate-viewport  ult-no-mobile \" data-animate=\"fadeInLeft\" data-animation-delay=\"0\" data-animation-duration=\"1\" data-animation-iteration=\"1\" style=\"opacity:0;\" data-opacity_start_effect=\"\">[vc_column_text]M\u00e1s conocida en otras regiones del mundo como Max Red Bartlett, fue descubierta como una mutaci\u00f3n gemaria de Williams, en 1938, en el estado de Washington, USA. Es una variedad precoz de producci\u00f3n moderada, a veces es necesario realizar un raleo para evitar la alternancia.[\/vc_column_text]<\/div>[\/vc_column][vc_column width=\u00bb1\/4&#8243;]<div class=\"ult-animation  ult-animate-viewport  ult-no-mobile \" data-animate=\"fadeInRight\" data-animation-delay=\"0\" data-animation-duration=\"1\" data-animation-iteration=\"1\" style=\"opacity:0;\" data-opacity_start_effect=\"\">[vc_single_image image=\u00bb1186&#8243; img_size=\u00bb200&#215;200&#8243; alignment=\u00bbcenter\u00bb]<\/div>[\/vc_column][\/vc_row][vc_row amy_add_container=\u00bbyes\u00bb css=\u00bb.vc_custom_1634751661414{padding-top: 0px !important;padding-bottom: 35px !important;}\u00bb][vc_column width=\u00bb1\/4&#8243;]<div class=\"ult-animation  ult-animate-viewport  ult-no-mobile \" data-animate=\"fadeInRight\" data-animation-delay=\"0\" data-animation-duration=\"1\" data-animation-iteration=\"1\" style=\"opacity:0;\" data-opacity_start_effect=\"\">[vc_single_image image=\u00bb1188&#8243; img_size=\u00bb200&#215;200&#8243; alignment=\u00bbcenter\u00bb]<\/div>[\/vc_column][vc_column width=\u00bb3\/4&#8243;]<div id=\"amy-organic-heading-6\" class=\"amy-shortcode amy-organic-heading margin-bottom-20 text-left\"><h3 style=\"color: #9ac100;font-size: 38px;\">RED D\u2019ANJOU<\/h3><\/div><div class=\"ult-animation  ult-animate-viewport  ult-no-mobile \" data-animate=\"fadeInLeft\" data-animation-delay=\"0\" data-animation-duration=\"1\" data-animation-iteration=\"1\" style=\"opacity:0;\" data-opacity_start_effect=\"\">[vc_column_text]Se conocen dos clones originados en el estado de Oregon, USA. El primero apareci\u00f3 en Medford en 1950 y se lo conoce como Red Anjou Gebhard; el segundo fue encontrado en Pakdale y se lo denomin\u00f3 Columbia Red Anjou.[\/vc_column_text]<\/div>[\/vc_column][\/vc_row][vc_row][vc_column][vc_single_image image=\u00bb1080&#8243; img_size=\u00bbfull\u00bb alignment=\u00bbcenter\u00bb][\/vc_column][\/vc_row][vc_row][vc_column width=\u00bb1\/6&#8243;][\/vc_column][vc_column width=\u00bb2\/3&#8243; offset=\u00bbvc_hidden-lg vc_hidden-md vc_hidden-sm vc_hidden-xs\u00bb][vc_column_text]<\/p>\n<table>\n<tbody>\n<tr>\n<th style=\"background: #8cb63c; color: #ffffff;\" scope=\"col\" width=\"20%\">Variedad<\/th>\n<th style=\"background: #8cb63c; color: #ffffff;\" colspan=\"4\" scope=\"col\">ENE<\/th>\n<th style=\"background: #8cb63c; color: #ffffff;\" colspan=\"4\" scope=\"col\">FEB<\/th>\n<th style=\"background: #8cb63c; color: #ffffff;\" colspan=\"4\" scope=\"col\">MAR<\/th>\n<th style=\"background: #8cb63c; color: #ffffff;\" colspan=\"4\" scope=\"col\">ABR<\/th>\n<th style=\"background: #8cb63c; color: #ffffff;\" colspan=\"4\" scope=\"col\">MAY<\/th>\n<th style=\"background: #8cb63c; color: #ffffff;\" colspan=\"4\" scope=\"col\">JUN<\/th>\n<th style=\"background: #8cb63c; color: #ffffff;\" colspan=\"4\" scope=\"col\">JUL<\/th>\n<th style=\"background: #8cb63c; color: #ffffff;\" colspan=\"4\" scope=\"col\">AGO<\/th>\n<th style=\"background: #8cb63c; color: #ffffff;\" colspan=\"4\" scope=\"col\">SEP<\/th>\n<th style=\"background: #8cb63c; color: #ffffff;\" colspan=\"4\" scope=\"col\">OCT<\/th>\n<th style=\"background: #8cb63c; color: #ffffff;\" colspan=\"4\" scope=\"col\">NOV<\/th>\n<th style=\"background: #8cb63c; color: #ffffff;\" colspan=\"4\" scope=\"col\">DIC<\/th>\n<\/tr>\n<tr>\n<th>William\u00b4s \/ Bartlett<\/th>\n<td><\/td>\n<td><\/td>\n<td style=\"background: #c2d69a;\"><\/td>\n<td style=\"background: #c2d69a;\"><\/td>\n<td style=\"background: #c2d69a;\"><\/td>\n<td style=\"background: #c2d69a;\"><\/td>\n<td style=\"background: #c2d69a;\"><\/td>\n<td style=\"background: #c2d69a;\"><\/td>\n<td style=\"background: #c2d69a;\"><\/td>\n<td style=\"background: #c2d69a;\"><\/td>\n<td style=\"background: #c2d69a;\"><\/td>\n<td style=\"background: #c2d69a;\"><\/td>\n<td style=\"background: #c2d69a;\"><\/td>\n<td style=\"background: #c2d69a;\"><\/td>\n<td style=\"background: #c2d69a;\"><\/td>\n<td style=\"background: #00b050;\"><\/td>\n<td style=\"background: #00b050;\"><\/td>\n<td style=\"background: #00b050;\"><\/td>\n<td style=\"background: #00b050;\"><\/td>\n<td style=\"background: #00b050;\"><\/td>\n<td style=\"background: #00b050;\"><\/td>\n<td style=\"background: #00b050;\"><\/td>\n<td><\/td>\n<td><\/td>\n<td><\/td>\n<td><\/td>\n<td><\/td>\n<td><\/td>\n<td><\/td>\n<td><\/td>\n<td><\/td>\n<td><\/td>\n<td><\/td>\n<td><\/td>\n<td><\/td>\n<td><\/td>\n<td><\/td>\n<td><\/td>\n<td><\/td>\n<td><\/td>\n<td><\/td>\n<td><\/td>\n<td><\/td>\n<td><\/td>\n<td><\/td>\n<td><\/td>\n<td><\/td>\n<td><\/td>\n<\/tr>\n<tr>\n<th>Beurre D\u00b4anjou<\/th>\n<td><\/td>\n<td><\/td>\n<td><\/td>\n<td style=\"background: #c2d69a;\"><\/td>\n<td style=\"background: #c2d69a;\"><\/td>\n<td style=\"background: #c2d69a;\"><\/td>\n<td style=\"background: #c2d69a;\"><\/td>\n<td style=\"background: #c2d69a;\"><\/td>\n<td style=\"background: #c2d69a;\"><\/td>\n<td style=\"background: #c2d69a;\"><\/td>\n<td style=\"background: #c2d69a;\"><\/td>\n<td style=\"background: #c2d69a;\"><\/td>\n<td style=\"background: #c2d69a;\"><\/td>\n<td style=\"background: #c2d69a;\"><\/td>\n<td style=\"background: #c2d69a;\"><\/td>\n<td style=\"background: #c2d69a;\"><\/td>\n<td style=\"background: #c2d69a;\"><\/td>\n<td style=\"background: #c2d69a;\"><\/td>\n<td style=\"background: #c2d69a;\"><\/td>\n<td style=\"background: #c2d69a;\"><\/td>\n<td style=\"background: #c2d69a;\"><\/td>\n<td style=\"background: #c2d69a;\"><\/td>\n<td style=\"background: #c2d69a;\"><\/td>\n<td style=\"background: #c2d69a;\"><\/td>\n<td style=\"background: #00b050;\"><\/td>\n<td style=\"background: #00b050;\"><\/td>\n<td style=\"background: #00b050;\"><\/td>\n<td style=\"background: #00b050;\"><\/td>\n<td style=\"background: #00b050;\"><\/td>\n<td style=\"background: #00b050;\"><\/td>\n<td style=\"background: #00b050;\"><\/td>\n<td style=\"background: #00b050;\"><\/td>\n<td style=\"background: #00b050;\"><\/td>\n<td style=\"background: #00b050;\"><\/td>\n<td style=\"background: #00b050;\"><\/td>\n<td style=\"background: #00b050;\"><\/td>\n<td style=\"background: #00b050;\"><\/td>\n<td style=\"background: #00b050;\"><\/td>\n<td style=\"background: #00b050;\"><\/td>\n<td style=\"background: #00b050;\"><\/td>\n<td><\/td>\n<td><\/td>\n<td><\/td>\n<td><\/td>\n<td><\/td>\n<td><\/td>\n<td><\/td>\n<td><\/td>\n<\/tr>\n<tr>\n<th>Packham\u00b4s<\/th>\n<td><\/td>\n<td><\/td>\n<td><\/td>\n<td><\/td>\n<td style=\"background: #c2d69a;\"><\/td>\n<td style=\"background: #c2d69a;\"><\/td>\n<td style=\"background: #c2d69a;\"><\/td>\n<td style=\"background: #c2d69a;\"><\/td>\n<td style=\"background: #c2d69a;\"><\/td>\n<td style=\"background: #c2d69a;\"><\/td>\n<td style=\"background: #c2d69a;\"><\/td>\n<td style=\"background: #c2d69a;\"><\/td>\n<td style=\"background: #c2d69a;\"><\/td>\n<td style=\"background: #c2d69a;\"><\/td>\n<td style=\"background: #c2d69a;\"><\/td>\n<td style=\"background: #c2d69a;\"><\/td>\n<td style=\"background: #c2d69a;\"><\/td>\n<td style=\"background: #c2d69a;\"><\/td>\n<td style=\"background: #c2d69a;\"><\/td>\n<td style=\"background: #c2d69a;\"><\/td>\n<td style=\"background: #c2d69a;\"><\/td>\n<td style=\"background: #c2d69a;\"><\/td>\n<td style=\"background: #c2d69a;\"><\/td>\n<td style=\"background: #c2d69a;\"><\/td>\n<td style=\"background: #00b050;\"><\/td>\n<td style=\"background: #00b050;\"><\/td>\n<td style=\"background: #00b050;\"><\/td>\n<td style=\"background: #00b050;\"><\/td>\n<td style=\"background: #00b050;\"><\/td>\n<td style=\"background: #00b050;\"><\/td>\n<td style=\"background: #00b050;\"><\/td>\n<td style=\"background: #00b050;\"><\/td>\n<td style=\"background: #00b050;\"><\/td>\n<td style=\"background: #00b050;\"><\/td>\n<td style=\"background: #00b050;\"><\/td>\n<td style=\"background: #00b050;\"><\/td>\n<td style=\"background: #00b050;\"><\/td>\n<td style=\"background: #00b050;\"><\/td>\n<td style=\"background: #00b050;\"><\/td>\n<td style=\"background: #00b050;\"><\/td>\n<td><\/td>\n<td><\/td>\n<td><\/td>\n<td><\/td>\n<td><\/td>\n<td><\/td>\n<td><\/td>\n<td><\/td>\n<\/tr>\n<tr>\n<th>Abate Fetel<\/th>\n<td><\/td>\n<td><\/td>\n<td><\/td>\n<td><\/td>\n<td style=\"background: #c2d69a;\"><\/td>\n<td style=\"background: #c2d69a;\"><\/td>\n<td style=\"background: #c2d69a;\"><\/td>\n<td style=\"background: #c2d69a;\"><\/td>\n<td style=\"background: #c2d69a;\"><\/td>\n<td style=\"background: #c2d69a;\"><\/td>\n<td style=\"background: #c2d69a;\"><\/td>\n<td style=\"background: #c2d69a;\"><\/td>\n<td style=\"background: #c2d69a;\"><\/td>\n<td style=\"background: #c2d69a;\"><\/td>\n<td style=\"background: #c2d69a;\"><\/td>\n<td style=\"background: #c2d69a;\"><\/td>\n<td style=\"background: #c2d69a;\"><\/td>\n<td style=\"background: #c2d69a;\"><\/td>\n<td style=\"background: #c2d69a;\"><\/td>\n<td style=\"background: #c2d69a;\"><\/td>\n<td><\/td>\n<td><\/td>\n<td><\/td>\n<td><\/td>\n<td><\/td>\n<td><\/td>\n<td><\/td>\n<td><\/td>\n<td><\/td>\n<td><\/td>\n<td><\/td>\n<td><\/td>\n<td><\/td>\n<td><\/td>\n<td><\/td>\n<td><\/td>\n<td><\/td>\n<td><\/td>\n<td><\/td>\n<td><\/td>\n<td><\/td>\n<td><\/td>\n<td><\/td>\n<td><\/td>\n<td><\/td>\n<td><\/td>\n<td><\/td>\n<td><\/td>\n<\/tr>\n<tr>\n<th>Red D\u00b4anjou<\/th>\n<td><\/td>\n<td><\/td>\n<td><\/td>\n<td style=\"background: #c2d69a;\"><\/td>\n<td style=\"background: #c2d69a;\"><\/td>\n<td style=\"background: #c2d69a;\"><\/td>\n<td style=\"background: #c2d69a;\"><\/td>\n<td style=\"background: #c2d69a;\"><\/td>\n<td style=\"background: #c2d69a;\"><\/td>\n<td style=\"background: #c2d69a;\"><\/td>\n<td style=\"background: #c2d69a;\"><\/td>\n<td style=\"background: #c2d69a;\"><\/td>\n<td style=\"background: #c2d69a;\"><\/td>\n<td style=\"background: #c2d69a;\"><\/td>\n<td style=\"background: #c2d69a;\"><\/td>\n<td style=\"background: #c2d69a;\"><\/td>\n<td style=\"background: #c2d69a;\"><\/td>\n<td style=\"background: #c2d69a;\"><\/td>\n<td style=\"background: #c2d69a;\"><\/td>\n<td style=\"background: #c2d69a;\"><\/td>\n<td style=\"background: #c2d69a;\"><\/td>\n<td style=\"background: #c2d69a;\"><\/td>\n<td><\/td>\n<td><\/td>\n<td><\/td>\n<td><\/td>\n<td><\/td>\n<td><\/td>\n<td><\/td>\n<td><\/td>\n<td><\/td>\n<td><\/td>\n<td><\/td>\n<td><\/td>\n<td><\/td>\n<td><\/td>\n<td><\/td>\n<td><\/td>\n<td><\/td>\n<td><\/td>\n<td><\/td>\n<td><\/td>\n<td><\/td>\n<td><\/td>\n<td><\/td>\n<td><\/td>\n<td><\/td>\n<td><\/td>\n<\/tr>\n<\/tbody>\n<\/table>\n<p>[\/vc_column_text][\/vc_column][vc_column width=\u00bb1\/6&#8243;][\/vc_column][\/vc_row][vc_row][vc_column]<div class=\" ubtn-ctn-center \"><a class=\"ubtn-link ult-adjust-bottom-margin ubtn-center ubtn-normal \" href=\"http:\/\/emelka.com.ar\/es\/frutas\" ><button type=\"button\" id=\"ubtn-3047\"  class=\"ubtn ult-adjust-bottom-margin ult-responsive ubtn-normal ubtn-fade-bg  none  ubtn-center   tooltip-69dc2cfe7d48c\"  data-hover=\"#9ac100\" data-border-color=\"#9ac100\" data-bg=\"#9ac100\" data-hover-bg=\"#ffffff\" data-border-hover=\"#9ac100\" data-shadow-hover=\"\" data-shadow-click=\"none\" data-shadow=\"\" data-shd-shadow=\"\"  data-ultimate-target='#ubtn-3047'  data-responsive-json-new='{\"font-size\":\"desktop:18px;\",\"line-height\":\"\"}'  style=\"font-weight:normal;border-radius:10px;border-width:2px;border-color:#9ac100;border-style:solid;background: #9ac100;color: #ffffff;\"><span class=\"ubtn-hover\" style=\"background-color:#ffffff\"><\/span><span class=\"ubtn-data ubtn-text \" >VOLVER A FRUTAS<\/span><\/button><\/a><\/div>[\/vc_column][\/vc_row]<\/p>\n","protected":false},"excerpt":{"rendered":"<p>[vc_row amy_add_container=\u00bbyes\u00bb css=\u00bb.vc_custom_1635183796428{padding-top: 90px !important;}\u00bb][vc_column width=\u00bb1\/4&#8243;][vc_single_image image=\u00bb929&#8243; img_size=\u00bb200&#215;200&#8243;][vc_separator color=\u00bbcustom\u00bb align=\u00bbalign_left\u00bb border_width=\u00bb3&#8243; el_width=\u00bb60&#8243; accent_color=\u00bb#8cb63c\u00bb][\/vc_column][vc_column width=\u00bb3\/4&#8243;][vc_empty_space height=\u00bb70px\u00bb][vc_column_text]Disponemos de una importante diversidad de peras que hacemos llegar al mercado consumidor, ent\u00e9rese aqu\u00ed.[\/vc_column_text][\/vc_column][\/vc_row][vc_row amy_add_container=\u00bbyes\u00bb css=\u00bb.vc_custom_1635183412571{padding-top: 40px !important;padding-bottom: 35px !important;}\u00bb][vc_column width=\u00bb3\/4&#8243;][\/vc_column][vc_column width=\u00bb1\/4&#8243;][\/vc_column][\/vc_row][vc_row amy_add_container=\u00bbyes\u00bb css=\u00bb.vc_custom_1634751640269{padding-top: 0px !important;padding-bottom: 35px !important;}\u00bb][vc_column width=\u00bb1\/4&#8243;][\/vc_column][vc_column width=\u00bb3\/4&#8243;][\/vc_column][\/vc_row][vc_row amy_add_container=\u00bbyes\u00bb css=\u00bb.vc_custom_1634751649259{padding-top: 0px !important;padding-bottom: 35px !important;}\u00bb][vc_column width=\u00bb3\/4&#8243;][\/vc_column][vc_column width=\u00bb1\/4&#8243;][\/vc_column][\/vc_row][vc_row amy_add_container=\u00bbyes\u00bb css=\u00bb.vc_custom_1634751661414{padding-top: [&hellip;]<\/p>\n","protected":false},"author":1,"featured_media":0,"parent":0,"menu_order":0,"comment_status":"closed","ping_status":"closed","template":"","meta":{"footnotes":""},"class_list":["post-839","page","type-page","status-publish","hentry"],"_links":{"self":[{"href":"https:\/\/emelka.com.ar\/es\/wp-json\/wp\/v2\/pages\/839","targetHints":{"allow":["GET"]}}],"collection":[{"href":"https:\/\/emelka.com.ar\/es\/wp-json\/wp\/v2\/pages"}],"about":[{"href":"https:\/\/emelka.com.ar\/es\/wp-json\/wp\/v2\/types\/page"}],"author":[{"embeddable":true,"href":"https:\/\/emelka.com.ar\/es\/wp-json\/wp\/v2\/users\/1"}],"replies":[{"embeddable":true,"href":"https:\/\/emelka.com.ar\/es\/wp-json\/wp\/v2\/comments?post=839"}],"version-history":[{"count":30,"href":"https:\/\/emelka.com.ar\/es\/wp-json\/wp\/v2\/pages\/839\/revisions"}],"predecessor-version":[{"id":1192,"href":"https:\/\/emelka.com.ar\/es\/wp-json\/wp\/v2\/pages\/839\/revisions\/1192"}],"wp:attachment":[{"href":"https:\/\/emelka.com.ar\/es\/wp-json\/wp\/v2\/media?parent=839"}],"curies":[{"name":"wp","href":"https:\/\/api.w.org\/{rel}","templated":true}]}}